{"id":2015,"date":"2025-05-05T00:50:55","date_gmt":"2025-05-05T03:50:55","guid":{"rendered":"https:\/\/online.dmgroup.com.ar\/product\/escritorio-con-cajon-135-m-jacaranda-1211-orlandi\/"},"modified":"2026-02-05T11:55:11","modified_gmt":"2026-02-05T14:55:11","slug":"escritorio-con-cajon-135-m-jacaranda-1211-orlandi","status":"publish","type":"product","link":"https:\/\/online.dmgroup.com.ar\/?product=escritorio-con-cajon-135-m-jacaranda-1211-orlandi","title":{"rendered":"ESCRITORIO CON CAJ\u00d3N &#8211; 1,35 M JACARANDA 1211 ORLANDI"},"content":{"rendered":"<p>ESCRITORIO CON CAJ\u00d3N &#8211; 1,35 M 1,35 M &#8211; UN CAJ\u00d3N     Medidas: 1350 X 755 X 595 MM https:&#8211;www.mueblesorlandi.com.ar-producto-567<\/p>\n","protected":false},"excerpt":{"rendered":"<p>ESCRITORIO CON CAJ\u00d3N &#8211; 1,35 M JACARANDA 1211 ORLANDI<\/p>\n","protected":false},"featured_media":2014,"template":"","meta":{"_acf_changed":false},"product_brand":[],"product_cat":[50],"product_tag":[],"class_list":{"0":"post-2015","1":"product","2":"type-product","3":"status-publish","4":"has-post-thumbnail","6":"product_cat-muebles-de-hogar","8":"first","9":"instock","10":"shipping-taxable","11":"product-type-simple"},"acf":[],"_links":{"self":[{"href":"https:\/\/online.dmgroup.com.ar\/index.php?rest_route=\/wp\/v2\/product\/2015","targetHints":{"allow":["GET"]}}],"collection":[{"href":"https:\/\/online.dmgroup.com.ar\/index.php?rest_route=\/wp\/v2\/product"}],"about":[{"href":"https:\/\/online.dmgroup.com.ar\/index.php?rest_route=\/wp\/v2\/types\/product"}],"version-history":[{"count":0,"href":"https:\/\/online.dmgroup.com.ar\/index.php?rest_route=\/wp\/v2\/product\/2015\/revisions"}],"wp:featuredmedia":[{"embeddable":true,"href":"https:\/\/online.dmgroup.com.ar\/index.php?rest_route=\/wp\/v2\/media\/2014"}],"wp:attachment":[{"href":"https:\/\/online.dmgroup.com.ar\/index.php?rest_route=%2Fwp%2Fv2%2Fmedia&parent=2015"}],"wp:term":[{"taxonomy":"product_brand","embeddable":true,"href":"https:\/\/online.dmgroup.com.ar\/index.php?rest_route=%2Fwp%2Fv2%2Fproduct_brand&post=2015"},{"taxonomy":"product_cat","embeddable":true,"href":"https:\/\/online.dmgroup.com.ar\/index.php?rest_route=%2Fwp%2Fv2%2Fproduct_cat&post=2015"},{"taxonomy":"product_tag","embeddable":true,"href":"https:\/\/online.dmgroup.com.ar\/index.php?rest_route=%2Fwp%2Fv2%2Fproduct_tag&post=2015"}],"curies":[{"name":"wp","href":"https:\/\/api.w.org\/{rel}","templated":true}]}}