{"id":2108,"date":"2025-05-08T00:50:59","date_gmt":"2025-05-08T03:50:59","guid":{"rendered":"https:\/\/online.dmgroup.com.ar\/product\/exhibidora-horizontal-455lts-gris-fih-550-pi-plus-inelro\/"},"modified":"2026-02-07T00:50:12","modified_gmt":"2026-02-07T03:50:12","slug":"exhibidora-horizontal-455lts-gris-fih-550-pi-plus-inelro","status":"publish","type":"product","link":"https:\/\/online.dmgroup.com.ar\/?product=exhibidora-horizontal-455lts-gris-fih-550-pi-plus-inelro","title":{"rendered":"EXHIBIDORA HORIZONTAL 455LTS GRIS FIH-550 PI PLUS INELRO"},"content":{"rendered":"<p>Nuevo Freezer Exhibidor Horizontal con Tapa de Vidrio Curvo. Plano Inclinado. Ruedas Dobles Giratorias de Alta Resistencia. Luz Led Interior Mejor Aislaci\u00f3n \u2013 20 % Ahorro Energ\u00eda Marco Reforzado INFORMACI\u00d3N GENERAL Capacidad (lts.): 455 Dimensi\u00f3n Externa (mm): 1665x624x831 Peso neto-bruto (Kg): 67,5-69,5 Canasto: 3 Ruedas: 4 Tapas: 2 Tap\u00f3n de desagote: SI Voltaje &#8211; frecuencia: 220V -50 Hz Rango de temperatura (grados cent\u00edgrados): -18 &#8211;21 Refrigerante (libre cfc): R290 Condensaci\u00f3n: Aire forzado Evaporador: Serpentina Ca\u00f1o de Aluminio Exterior gabinete: Prepintado Blanco Interior gabinete: Prepintado Blanco <\/p>\n","protected":false},"excerpt":{"rendered":"<p>EXHIBIDORA HORIZONTAL 455LTS GRIS FIH-550 PI PLUS INELRO<\/p>\n","protected":false},"featured_media":2107,"template":"","meta":{"_acf_changed":false},"product_brand":[],"product_cat":[43],"product_tag":[],"class_list":{"0":"post-2108","1":"product","2":"type-product","3":"status-publish","4":"has-post-thumbnail","6":"product_cat-heladera-freezer-comercial","8":"first","9":"instock","10":"shipping-taxable","11":"product-type-simple"},"acf":[],"_links":{"self":[{"href":"https:\/\/online.dmgroup.com.ar\/index.php?rest_route=\/wp\/v2\/product\/2108","targetHints":{"allow":["GET"]}}],"collection":[{"href":"https:\/\/online.dmgroup.com.ar\/index.php?rest_route=\/wp\/v2\/product"}],"about":[{"href":"https:\/\/online.dmgroup.com.ar\/index.php?rest_route=\/wp\/v2\/types\/product"}],"version-history":[{"count":0,"href":"https:\/\/online.dmgroup.com.ar\/index.php?rest_route=\/wp\/v2\/product\/2108\/revisions"}],"wp:featuredmedia":[{"embeddable":true,"href":"https:\/\/online.dmgroup.com.ar\/index.php?rest_route=\/wp\/v2\/media\/2107"}],"wp:attachment":[{"href":"https:\/\/online.dmgroup.com.ar\/index.php?rest_route=%2Fwp%2Fv2%2Fmedia&parent=2108"}],"wp:term":[{"taxonomy":"product_brand","embeddable":true,"href":"https:\/\/online.dmgroup.com.ar\/index.php?rest_route=%2Fwp%2Fv2%2Fproduct_brand&post=2108"},{"taxonomy":"product_cat","embeddable":true,"href":"https:\/\/online.dmgroup.com.ar\/index.php?rest_route=%2Fwp%2Fv2%2Fproduct_cat&post=2108"},{"taxonomy":"product_tag","embeddable":true,"href":"https:\/\/online.dmgroup.com.ar\/index.php?rest_route=%2Fwp%2Fv2%2Fproduct_tag&post=2108"}],"curies":[{"name":"wp","href":"https:\/\/api.w.org\/{rel}","templated":true}]}}