{"id":2120,"date":"2025-05-08T00:51:18","date_gmt":"2025-05-08T03:51:18","guid":{"rendered":"https:\/\/online.dmgroup.com.ar\/product\/exhibidora-vertical-mt-300-inelro\/"},"modified":"2026-02-05T11:57:45","modified_gmt":"2026-02-05T14:57:45","slug":"exhibidora-vertical-mt-300-inelro","status":"publish","type":"product","link":"https:\/\/online.dmgroup.com.ar\/?product=exhibidora-vertical-mt-300-inelro","title":{"rendered":"EXHIBIDORA VERTICAL  MT-300 INELRO"},"content":{"rendered":"<p>Exhibidora Vertical \u2013 Sin Cenefa, Condensaci\u00f3n Est\u00e1tica, Tres Estantes M\u00f3viles. Refrigerante R290 Controlador Digital de Temperatura \u2013 300 lts Dimensi\u00f3n Externa (mm):625x620x1520 Peso neto-bruto (Kg):65-68 Estantes ajustables: 3 Luz interior: 7,5 W Puertas: 1 (panel 2 vidrios, exterior templado LOW-E ) Voltaje &#8211; frecuencia: 220V -50 Hz Rango de temperatura (grados centigrados): 3 -+6 Refrigerante (libre cfc): R290 Condensaci\u00f3n: Estatica Evaporador: Roll Bond Ventilador evaporador: Tangencial Exterior gabinete: Prepintado Interior gabinete: PAI Aislaci\u00f3n Poliuretano: Libre CFC Densidad: 38kg.-M\u00b3<\/p>\n","protected":false},"excerpt":{"rendered":"<p>EXHIBIDORA VERTICAL  MT-300 INELRO<\/p>\n","protected":false},"featured_media":2119,"template":"","meta":{"_acf_changed":false},"product_brand":[],"product_cat":[43],"product_tag":[],"class_list":{"0":"post-2120","1":"product","2":"type-product","3":"status-publish","4":"has-post-thumbnail","6":"product_cat-heladera-freezer-comercial","8":"first","9":"instock","10":"shipping-taxable","11":"product-type-simple"},"acf":[],"_links":{"self":[{"href":"https:\/\/online.dmgroup.com.ar\/index.php?rest_route=\/wp\/v2\/product\/2120","targetHints":{"allow":["GET"]}}],"collection":[{"href":"https:\/\/online.dmgroup.com.ar\/index.php?rest_route=\/wp\/v2\/product"}],"about":[{"href":"https:\/\/online.dmgroup.com.ar\/index.php?rest_route=\/wp\/v2\/types\/product"}],"version-history":[{"count":0,"href":"https:\/\/online.dmgroup.com.ar\/index.php?rest_route=\/wp\/v2\/product\/2120\/revisions"}],"wp:featuredmedia":[{"embeddable":true,"href":"https:\/\/online.dmgroup.com.ar\/index.php?rest_route=\/wp\/v2\/media\/2119"}],"wp:attachment":[{"href":"https:\/\/online.dmgroup.com.ar\/index.php?rest_route=%2Fwp%2Fv2%2Fmedia&parent=2120"}],"wp:term":[{"taxonomy":"product_brand","embeddable":true,"href":"https:\/\/online.dmgroup.com.ar\/index.php?rest_route=%2Fwp%2Fv2%2Fproduct_brand&post=2120"},{"taxonomy":"product_cat","embeddable":true,"href":"https:\/\/online.dmgroup.com.ar\/index.php?rest_route=%2Fwp%2Fv2%2Fproduct_cat&post=2120"},{"taxonomy":"product_tag","embeddable":true,"href":"https:\/\/online.dmgroup.com.ar\/index.php?rest_route=%2Fwp%2Fv2%2Fproduct_tag&post=2120"}],"curies":[{"name":"wp","href":"https:\/\/api.w.org\/{rel}","templated":true}]}}