{"id":2131,"date":"2025-05-09T00:50:27","date_gmt":"2025-05-09T03:50:27","guid":{"rendered":"https:\/\/online.dmgroup.com.ar\/product\/exhibidora-vertical-280lts-4-estantes-df-280l-de-francesco\/"},"modified":"2026-02-05T11:58:02","modified_gmt":"2026-02-05T14:58:02","slug":"exhibidora-vertical-280lts-4-estantes-df-280l-de-francesco","status":"publish","type":"product","link":"https:\/\/online.dmgroup.com.ar\/?product=exhibidora-vertical-280lts-4-estantes-df-280l-de-francesco","title":{"rendered":"EXHIBIDORA VERTICAL 280LTS 4 ESTANTES DF-280L DE FRANCESCO"},"content":{"rendered":"<p>Heladera Vertical ITALY 4 caras Vidriadas 280 Lts CODIGO: DF-280L MARCA: De Francesco Iluminaci\u00f3n interna Controlador digital de temperatura Estantes recubiertos de PVC ajustable Puerta frontal de cristal 4 lados dobles de vidrio Sistema de enfriamiento forzado Descongelamiento autom\u00e1tico Capacidad bruta: 280Lts Rango de temperatura: 0-12 C Conexi\u00f3n el\u00e9ctrica : 220 v Refrigerante: R134a Peso Neto: 89.5 Kgs Peso embalado: 95 Kgs Dimensi\u00f3n total: 556 x 526 x 1913 mm Dimensi\u00f3n del paquete: 615 x 575 x 1940 mm<\/p>\n","protected":false},"excerpt":{"rendered":"<p>EXHIBIDORA VERTICAL 280LTS 4 ESTANTES DF-280L DE FRANCESCO<\/p>\n","protected":false},"featured_media":2130,"template":"","meta":{"_acf_changed":false},"product_brand":[],"product_cat":[43],"product_tag":[],"class_list":{"0":"post-2131","1":"product","2":"type-product","3":"status-publish","4":"has-post-thumbnail","6":"product_cat-heladera-freezer-comercial","8":"first","9":"instock","10":"shipping-taxable","11":"product-type-simple"},"acf":[],"_links":{"self":[{"href":"https:\/\/online.dmgroup.com.ar\/index.php?rest_route=\/wp\/v2\/product\/2131","targetHints":{"allow":["GET"]}}],"collection":[{"href":"https:\/\/online.dmgroup.com.ar\/index.php?rest_route=\/wp\/v2\/product"}],"about":[{"href":"https:\/\/online.dmgroup.com.ar\/index.php?rest_route=\/wp\/v2\/types\/product"}],"version-history":[{"count":0,"href":"https:\/\/online.dmgroup.com.ar\/index.php?rest_route=\/wp\/v2\/product\/2131\/revisions"}],"wp:featuredmedia":[{"embeddable":true,"href":"https:\/\/online.dmgroup.com.ar\/index.php?rest_route=\/wp\/v2\/media\/2130"}],"wp:attachment":[{"href":"https:\/\/online.dmgroup.com.ar\/index.php?rest_route=%2Fwp%2Fv2%2Fmedia&parent=2131"}],"wp:term":[{"taxonomy":"product_brand","embeddable":true,"href":"https:\/\/online.dmgroup.com.ar\/index.php?rest_route=%2Fwp%2Fv2%2Fproduct_brand&post=2131"},{"taxonomy":"product_cat","embeddable":true,"href":"https:\/\/online.dmgroup.com.ar\/index.php?rest_route=%2Fwp%2Fv2%2Fproduct_cat&post=2131"},{"taxonomy":"product_tag","embeddable":true,"href":"https:\/\/online.dmgroup.com.ar\/index.php?rest_route=%2Fwp%2Fv2%2Fproduct_tag&post=2131"}],"curies":[{"name":"wp","href":"https:\/\/api.w.org\/{rel}","templated":true}]}}