{"id":2139,"date":"2025-05-09T00:50:46","date_gmt":"2025-05-09T03:50:46","guid":{"rendered":"https:\/\/online.dmgroup.com.ar\/product\/exhibidora-vertical-310lts-mt-12-inelro\/"},"modified":"2026-02-05T11:58:15","modified_gmt":"2026-02-05T14:58:15","slug":"exhibidora-vertical-310lts-mt-12-inelro","status":"publish","type":"product","link":"https:\/\/online.dmgroup.com.ar\/?product=exhibidora-vertical-310lts-mt-12-inelro","title":{"rendered":"EXHIBIDORA VERTICAL 310LTS MT-12 INELRO"},"content":{"rendered":"<p>MT &#8211; 12 R290 Exhibidora Vertical &#8211; Sin Cenefa, Condensaci\u00f3n Est\u00e1tica, Tres Estantes M\u00f3viles, Controlador Electr\u00f3nico con indicador de temperatura, Tolva inyectada, Nuevo z\u00f3calo inyectado. Gas Refrigerante R290 Iluminaci\u00f3n Led  Volumen 290lts Alto-Ancho-Profundidad(mms): 1625x680x645 https:&#8211;inelro.com.ar-producto-mt-12-<\/p>\n","protected":false},"excerpt":{"rendered":"<p>EXHIBIDORA VERTICAL 290LTS MT-12 INELRO<\/p>\n","protected":false},"featured_media":2138,"template":"","meta":{"_acf_changed":false},"product_brand":[],"product_cat":[43],"product_tag":[],"class_list":{"0":"post-2139","1":"product","2":"type-product","3":"status-publish","4":"has-post-thumbnail","6":"product_cat-heladera-freezer-comercial","8":"first","9":"instock","10":"shipping-taxable","11":"product-type-simple"},"acf":[],"_links":{"self":[{"href":"https:\/\/online.dmgroup.com.ar\/index.php?rest_route=\/wp\/v2\/product\/2139","targetHints":{"allow":["GET"]}}],"collection":[{"href":"https:\/\/online.dmgroup.com.ar\/index.php?rest_route=\/wp\/v2\/product"}],"about":[{"href":"https:\/\/online.dmgroup.com.ar\/index.php?rest_route=\/wp\/v2\/types\/product"}],"version-history":[{"count":0,"href":"https:\/\/online.dmgroup.com.ar\/index.php?rest_route=\/wp\/v2\/product\/2139\/revisions"}],"wp:featuredmedia":[{"embeddable":true,"href":"https:\/\/online.dmgroup.com.ar\/index.php?rest_route=\/wp\/v2\/media\/2138"}],"wp:attachment":[{"href":"https:\/\/online.dmgroup.com.ar\/index.php?rest_route=%2Fwp%2Fv2%2Fmedia&parent=2139"}],"wp:term":[{"taxonomy":"product_brand","embeddable":true,"href":"https:\/\/online.dmgroup.com.ar\/index.php?rest_route=%2Fwp%2Fv2%2Fproduct_brand&post=2139"},{"taxonomy":"product_cat","embeddable":true,"href":"https:\/\/online.dmgroup.com.ar\/index.php?rest_route=%2Fwp%2Fv2%2Fproduct_cat&post=2139"},{"taxonomy":"product_tag","embeddable":true,"href":"https:\/\/online.dmgroup.com.ar\/index.php?rest_route=%2Fwp%2Fv2%2Fproduct_tag&post=2139"}],"curies":[{"name":"wp","href":"https:\/\/api.w.org\/{rel}","templated":true}]}}