{"id":2145,"date":"2025-05-09T00:50:55","date_gmt":"2025-05-09T03:50:55","guid":{"rendered":"https:\/\/online.dmgroup.com.ar\/product\/exhibidora-vertical-390lts-mt-14-inelro\/"},"modified":"2026-02-05T11:58:24","modified_gmt":"2026-02-05T14:58:24","slug":"exhibidora-vertical-390lts-mt-14-inelro","status":"publish","type":"product","link":"https:\/\/online.dmgroup.com.ar\/?product=exhibidora-vertical-390lts-mt-14-inelro","title":{"rendered":"EXHIBIDORA VERTICAL 390LTS MT-14 INELRO"},"content":{"rendered":"<p>Exhibidora Vertical \u2013 Sin Cenefa, Condensaci\u00f3n Est\u00e1tica, Cuatros Estantes M\u00f3viles, Tolva Inyectada, Nuevo Z\u00f3calo Inyectado. Capacidad: 390 lts Controlador Digital de Temperatura = Menor Consumo Mayor Aislaci\u00f3n = Menor Consumo Mejor Desempe\u00f1o Frigor\u00edfico Resorte en puerta, garantiza el cierre = Menor Consumo<\/p>\n","protected":false},"excerpt":{"rendered":"<p>EXHIBIDORA VERTICAL 390LTS MT-14 INELRO<\/p>\n","protected":false},"featured_media":2144,"template":"","meta":{"_acf_changed":false},"product_brand":[],"product_cat":[43],"product_tag":[],"class_list":{"0":"post-2145","1":"product","2":"type-product","3":"status-publish","4":"has-post-thumbnail","6":"product_cat-heladera-freezer-comercial","8":"first","9":"instock","10":"shipping-taxable","11":"product-type-simple"},"acf":[],"_links":{"self":[{"href":"https:\/\/online.dmgroup.com.ar\/index.php?rest_route=\/wp\/v2\/product\/2145","targetHints":{"allow":["GET"]}}],"collection":[{"href":"https:\/\/online.dmgroup.com.ar\/index.php?rest_route=\/wp\/v2\/product"}],"about":[{"href":"https:\/\/online.dmgroup.com.ar\/index.php?rest_route=\/wp\/v2\/types\/product"}],"version-history":[{"count":0,"href":"https:\/\/online.dmgroup.com.ar\/index.php?rest_route=\/wp\/v2\/product\/2145\/revisions"}],"wp:featuredmedia":[{"embeddable":true,"href":"https:\/\/online.dmgroup.com.ar\/index.php?rest_route=\/wp\/v2\/media\/2144"}],"wp:attachment":[{"href":"https:\/\/online.dmgroup.com.ar\/index.php?rest_route=%2Fwp%2Fv2%2Fmedia&parent=2145"}],"wp:term":[{"taxonomy":"product_brand","embeddable":true,"href":"https:\/\/online.dmgroup.com.ar\/index.php?rest_route=%2Fwp%2Fv2%2Fproduct_brand&post=2145"},{"taxonomy":"product_cat","embeddable":true,"href":"https:\/\/online.dmgroup.com.ar\/index.php?rest_route=%2Fwp%2Fv2%2Fproduct_cat&post=2145"},{"taxonomy":"product_tag","embeddable":true,"href":"https:\/\/online.dmgroup.com.ar\/index.php?rest_route=%2Fwp%2Fv2%2Fproduct_tag&post=2145"}],"curies":[{"name":"wp","href":"https:\/\/api.w.org\/{rel}","templated":true}]}}