{"id":2153,"date":"2025-05-09T00:51:10","date_gmt":"2025-05-09T03:51:10","guid":{"rendered":"https:\/\/online.dmgroup.com.ar\/product\/exhibidora-vertical-460lts-mt-17-ng-inelro\/"},"modified":"2026-02-05T11:58:40","modified_gmt":"2026-02-05T14:58:40","slug":"exhibidora-vertical-460lts-mt-17-ng-inelro","status":"publish","type":"product","link":"https:\/\/online.dmgroup.com.ar\/?product=exhibidora-vertical-460lts-mt-17-ng-inelro","title":{"rendered":"EXHIBIDORA VERTICAL 460LTS MT-17 NG INELRO"},"content":{"rendered":"<p>NUEVA GENERACI\u00d3N \u2013 DISE\u00d1O RENOVADO MINIMALISTA Exhibidora Vertical \u2013 Sin Cenefa, Condensaci\u00f3n Forzada, Cuatros Estantes M\u00f3viles, Tolva Inyectada, Nuevo Z\u00f3calo Inyectado. Capacidad: 460 lts Controlador Digital de Temperatura = Menor Consumo Mayor Aislaci\u00f3n = Menor Consumo Mejor Desempe\u00f1o Frigor\u00edfico Resorte en Puerta, para garantizar el cierre = Menor Consumo https:&#8211;inelro.com.ar-producto-mt-17ng-<\/p>\n","protected":false},"excerpt":{"rendered":"<p>EXHIBIDORA VERTICAL 460LTS MT-17 NG INELRO<\/p>\n","protected":false},"featured_media":2152,"template":"","meta":{"_acf_changed":false},"product_brand":[],"product_cat":[43],"product_tag":[],"class_list":{"0":"post-2153","1":"product","2":"type-product","3":"status-publish","4":"has-post-thumbnail","6":"product_cat-heladera-freezer-comercial","8":"first","9":"instock","10":"shipping-taxable","11":"product-type-simple"},"acf":[],"_links":{"self":[{"href":"https:\/\/online.dmgroup.com.ar\/index.php?rest_route=\/wp\/v2\/product\/2153","targetHints":{"allow":["GET"]}}],"collection":[{"href":"https:\/\/online.dmgroup.com.ar\/index.php?rest_route=\/wp\/v2\/product"}],"about":[{"href":"https:\/\/online.dmgroup.com.ar\/index.php?rest_route=\/wp\/v2\/types\/product"}],"version-history":[{"count":0,"href":"https:\/\/online.dmgroup.com.ar\/index.php?rest_route=\/wp\/v2\/product\/2153\/revisions"}],"wp:featuredmedia":[{"embeddable":true,"href":"https:\/\/online.dmgroup.com.ar\/index.php?rest_route=\/wp\/v2\/media\/2152"}],"wp:attachment":[{"href":"https:\/\/online.dmgroup.com.ar\/index.php?rest_route=%2Fwp%2Fv2%2Fmedia&parent=2153"}],"wp:term":[{"taxonomy":"product_brand","embeddable":true,"href":"https:\/\/online.dmgroup.com.ar\/index.php?rest_route=%2Fwp%2Fv2%2Fproduct_brand&post=2153"},{"taxonomy":"product_cat","embeddable":true,"href":"https:\/\/online.dmgroup.com.ar\/index.php?rest_route=%2Fwp%2Fv2%2Fproduct_cat&post=2153"},{"taxonomy":"product_tag","embeddable":true,"href":"https:\/\/online.dmgroup.com.ar\/index.php?rest_route=%2Fwp%2Fv2%2Fproduct_tag&post=2153"}],"curies":[{"name":"wp","href":"https:\/\/api.w.org\/{rel}","templated":true}]}}