{"id":2167,"date":"2025-05-09T00:51:43","date_gmt":"2025-05-09T03:51:43","guid":{"rendered":"https:\/\/online.dmgroup.com.ar\/product\/exhibidora-vertical-78lts-3-estantes-df-78l-de-francesco\/"},"modified":"2026-02-05T11:59:07","modified_gmt":"2026-02-05T14:59:07","slug":"exhibidora-vertical-78lts-3-estantes-df-78l-de-francesco","status":"publish","type":"product","link":"https:\/\/online.dmgroup.com.ar\/?product=exhibidora-vertical-78lts-3-estantes-df-78l-de-francesco","title":{"rendered":"EXHIBIDORA VERTICAL 78LTS 3 ESTANTES DF-78L DE FRANCESCO"},"content":{"rendered":"<p>Heladera Vertical ITALY 4 caras Vidriadas 78 Lts CODIGO: DF-78L MARCA: De Francesco Iluminaci\u00f3n superior interna Controlador digital de temperatura Estantes recubiertos de PVC ajustable Puerta frontal de cristal 4 lados de doble vidrio Base con pies Sistema de enfriamiento forzado Descongelamiento autom\u00e1tico Capacidad bruta: 78 Lts Rango de temperatura: 0-12 C Conexi\u00f3n el\u00e9ctrica : 220 v Refrigerante: R134a Peso Neto: 36 Kgs Peso embalado: 38 Kgs Dimensi\u00f3n total: 452 x 406x 966 mm Dimensi\u00f3n del paquete: 502 x 456 x 1005 mm<\/p>\n","protected":false},"excerpt":{"rendered":"<p>EXHIBIDORA VERTICAL 78LTS 3 ESTANTES DF-78L DE FRANCESCO<\/p>\n","protected":false},"featured_media":2166,"template":"","meta":{"_acf_changed":false},"product_brand":[],"product_cat":[43],"product_tag":[],"class_list":{"0":"post-2167","1":"product","2":"type-product","3":"status-publish","4":"has-post-thumbnail","6":"product_cat-heladera-freezer-comercial","8":"first","9":"instock","10":"shipping-taxable","11":"product-type-simple"},"acf":[],"_links":{"self":[{"href":"https:\/\/online.dmgroup.com.ar\/index.php?rest_route=\/wp\/v2\/product\/2167","targetHints":{"allow":["GET"]}}],"collection":[{"href":"https:\/\/online.dmgroup.com.ar\/index.php?rest_route=\/wp\/v2\/product"}],"about":[{"href":"https:\/\/online.dmgroup.com.ar\/index.php?rest_route=\/wp\/v2\/types\/product"}],"version-history":[{"count":0,"href":"https:\/\/online.dmgroup.com.ar\/index.php?rest_route=\/wp\/v2\/product\/2167\/revisions"}],"wp:featuredmedia":[{"embeddable":true,"href":"https:\/\/online.dmgroup.com.ar\/index.php?rest_route=\/wp\/v2\/media\/2166"}],"wp:attachment":[{"href":"https:\/\/online.dmgroup.com.ar\/index.php?rest_route=%2Fwp%2Fv2%2Fmedia&parent=2167"}],"wp:term":[{"taxonomy":"product_brand","embeddable":true,"href":"https:\/\/online.dmgroup.com.ar\/index.php?rest_route=%2Fwp%2Fv2%2Fproduct_brand&post=2167"},{"taxonomy":"product_cat","embeddable":true,"href":"https:\/\/online.dmgroup.com.ar\/index.php?rest_route=%2Fwp%2Fv2%2Fproduct_cat&post=2167"},{"taxonomy":"product_tag","embeddable":true,"href":"https:\/\/online.dmgroup.com.ar\/index.php?rest_route=%2Fwp%2Fv2%2Fproduct_tag&post=2167"}],"curies":[{"name":"wp","href":"https:\/\/api.w.org\/{rel}","templated":true}]}}