{"id":2199,"date":"2025-05-10T00:51:23","date_gmt":"2025-05-10T03:51:23","guid":{"rendered":"https:\/\/online.dmgroup.com.ar\/product\/exhibidora-vertical-eco-black-bd-mt-17-inelro\/"},"modified":"2026-02-05T11:59:46","modified_gmt":"2026-02-05T14:59:46","slug":"exhibidora-vertical-eco-black-bd-mt-17-inelro","status":"publish","type":"product","link":"https:\/\/online.dmgroup.com.ar\/?product=exhibidora-vertical-eco-black-bd-mt-17-inelro","title":{"rendered":"EXHIBIDORA VERTICAL ECO BLACK BD MT-17 INELRO"},"content":{"rendered":"<p>Exhibidora Vertical \u2013 Condensaci\u00f3n Forzada, Controlador Electr\u00f3nico Avanzado con Indicador de Temperatura \u201cBig Display\u201d 4 Rejas Estantes Planas y 3 Rejas Estantes para Botellas Z\u00f3calo curvo y Puerta en Color Negro, Exterior en Chapa Color Negro, Interior en ABS Color Negro Gas Refrigerante Ecol\u00f3gico R290 15% Ahorro Energ\u00eda INFORMACI\u00d3N GENERAL Capacidad (lts.): 470 Dimensi\u00f3n Externa (mm):660x650x2140 Peso neto-bruto (Kg):86,5-89 EQUIPAMIENTO Estantes ajustables: 7 (4 Planos y 3 Botelleros) Luz interior: LED Perimetral en Puerta Puertas: (panel 2 vidrios, exterior templado LOW-E ) ESPECIFICACIONES Voltaje &#8211; frecuencia: 220V -50 Hz Consumo: 3 A Consumo Potencia: 480W Rango de temperatura (grados cent\u00edgrados): 1 a +3 \u00b0C COMPONENTES Gas Refrigerante Ecol\u00f3gico (libre cfc): R290 Condensaci\u00f3n: aire forzado Evaporador: Aletado Forzador: Polo de Sombra Exterior gabinete:  Electrozincado \u2013 Prepintado Negro Interior gabinete: PAI Negro Puntera curva en puerta color negro. Puerta y z\u00f3calo en color negro.<\/p>\n","protected":false},"excerpt":{"rendered":"<p>EXHIBIDORA VERTICAL ECO BLACK BD MT-17 INELRO<\/p>\n","protected":false},"featured_media":2198,"template":"","meta":{"_acf_changed":false},"product_brand":[],"product_cat":[43],"product_tag":[],"class_list":{"0":"post-2199","1":"product","2":"type-product","3":"status-publish","4":"has-post-thumbnail","6":"product_cat-heladera-freezer-comercial","8":"first","9":"instock","10":"shipping-taxable","11":"product-type-simple"},"acf":[],"_links":{"self":[{"href":"https:\/\/online.dmgroup.com.ar\/index.php?rest_route=\/wp\/v2\/product\/2199","targetHints":{"allow":["GET"]}}],"collection":[{"href":"https:\/\/online.dmgroup.com.ar\/index.php?rest_route=\/wp\/v2\/product"}],"about":[{"href":"https:\/\/online.dmgroup.com.ar\/index.php?rest_route=\/wp\/v2\/types\/product"}],"version-history":[{"count":0,"href":"https:\/\/online.dmgroup.com.ar\/index.php?rest_route=\/wp\/v2\/product\/2199\/revisions"}],"wp:featuredmedia":[{"embeddable":true,"href":"https:\/\/online.dmgroup.com.ar\/index.php?rest_route=\/wp\/v2\/media\/2198"}],"wp:attachment":[{"href":"https:\/\/online.dmgroup.com.ar\/index.php?rest_route=%2Fwp%2Fv2%2Fmedia&parent=2199"}],"wp:term":[{"taxonomy":"product_brand","embeddable":true,"href":"https:\/\/online.dmgroup.com.ar\/index.php?rest_route=%2Fwp%2Fv2%2Fproduct_brand&post=2199"},{"taxonomy":"product_cat","embeddable":true,"href":"https:\/\/online.dmgroup.com.ar\/index.php?rest_route=%2Fwp%2Fv2%2Fproduct_cat&post=2199"},{"taxonomy":"product_tag","embeddable":true,"href":"https:\/\/online.dmgroup.com.ar\/index.php?rest_route=%2Fwp%2Fv2%2Fproduct_tag&post=2199"}],"curies":[{"name":"wp","href":"https:\/\/api.w.org\/{rel}","templated":true}]}}