{"id":2203,"date":"2025-05-10T00:51:28","date_gmt":"2025-05-10T03:51:28","guid":{"rendered":"https:\/\/online.dmgroup.com.ar\/product\/exhibidora-vertical-nordica-black-mt-11-inelro\/"},"modified":"2026-02-05T11:59:51","modified_gmt":"2026-02-05T14:59:51","slug":"exhibidora-vertical-nordica-black-mt-11-inelro","status":"publish","type":"product","link":"https:\/\/online.dmgroup.com.ar\/?product=exhibidora-vertical-nordica-black-mt-11-inelro","title":{"rendered":"EXHIBIDORA VERTICAL NORDICA BLACK MT-11 INELRO"},"content":{"rendered":"<p>Exhibidora Vertical \u2013 Condensaci\u00f3n Forzada, Controlador Electr\u00f3nico Avanzado con Indicador de Temperatura \u201cBig Display\u201d TEMPERATURA SUBCERO DE -2\u00b0 a 6\u00b0C Z\u00f3calo y Puerta de Madera, Exterior en Chapa Color Negro Revestida en Madera, Interior en Chapa Color Negro Gas Refrigerante Ecol\u00f3gico R290 15% Ahorro Energ\u00eda INFORMACI\u00d3N GENERAL Capacidad (lts.): 301 Dimensi\u00f3n Externa (mm):574x570x2055 Peso neto-bruto (Kg):84-87 EQUIPAMIENTO Estantes ajustables: 4 Luz interior: LED Perimetral en Puerta Puertas: (panel 2 vidrios, exterior templado LOW-E) ESPECIFICACIONES Voltaje &#8211; frecuencia: 220V -50 Hz Consumo: 1,2 A Consumo Potencia: 230W COMPONENTES Evaporador: Aletado Forzador: Polo de Sombra <\/p>\n","protected":false},"excerpt":{"rendered":"<p>EXHIBIDORA VERTICAL NORDICA BLACK MT-11 INELRO<\/p>\n","protected":false},"featured_media":2202,"template":"","meta":{"_acf_changed":false},"product_brand":[],"product_cat":[43],"product_tag":[],"class_list":{"0":"post-2203","1":"product","2":"type-product","3":"status-publish","4":"has-post-thumbnail","6":"product_cat-heladera-freezer-comercial","8":"first","9":"instock","10":"shipping-taxable","11":"product-type-simple"},"acf":[],"_links":{"self":[{"href":"https:\/\/online.dmgroup.com.ar\/index.php?rest_route=\/wp\/v2\/product\/2203","targetHints":{"allow":["GET"]}}],"collection":[{"href":"https:\/\/online.dmgroup.com.ar\/index.php?rest_route=\/wp\/v2\/product"}],"about":[{"href":"https:\/\/online.dmgroup.com.ar\/index.php?rest_route=\/wp\/v2\/types\/product"}],"version-history":[{"count":0,"href":"https:\/\/online.dmgroup.com.ar\/index.php?rest_route=\/wp\/v2\/product\/2203\/revisions"}],"wp:featuredmedia":[{"embeddable":true,"href":"https:\/\/online.dmgroup.com.ar\/index.php?rest_route=\/wp\/v2\/media\/2202"}],"wp:attachment":[{"href":"https:\/\/online.dmgroup.com.ar\/index.php?rest_route=%2Fwp%2Fv2%2Fmedia&parent=2203"}],"wp:term":[{"taxonomy":"product_brand","embeddable":true,"href":"https:\/\/online.dmgroup.com.ar\/index.php?rest_route=%2Fwp%2Fv2%2Fproduct_brand&post=2203"},{"taxonomy":"product_cat","embeddable":true,"href":"https:\/\/online.dmgroup.com.ar\/index.php?rest_route=%2Fwp%2Fv2%2Fproduct_cat&post=2203"},{"taxonomy":"product_tag","embeddable":true,"href":"https:\/\/online.dmgroup.com.ar\/index.php?rest_route=%2Fwp%2Fv2%2Fproduct_tag&post=2203"}],"curies":[{"name":"wp","href":"https:\/\/api.w.org\/{rel}","templated":true}]}}