{"id":2229,"date":"2025-05-11T00:50:38","date_gmt":"2025-05-11T03:50:38","guid":{"rendered":"https:\/\/online.dmgroup.com.ar\/product\/extractor-de-jugo-600w-pc-725-ken-brown\/"},"modified":"2026-02-05T12:00:30","modified_gmt":"2026-02-05T15:00:30","slug":"extractor-de-jugo-600w-pc-725-ken-brown","status":"publish","type":"product","link":"https:\/\/online.dmgroup.com.ar\/?product=extractor-de-jugo-600w-pc-725-ken-brown","title":{"rendered":"EXTRACTOR DE JUGO 600W PC-725 KEN BROWN"},"content":{"rendered":"<p>Los jugos m\u00e1s saludables y ricos. Extractor de jugos con potente motor y filtro y cuchillas de acero inoxidable. Cuenta con un gran tubo de alimentaci\u00f3n y un dise\u00f1o moderno y elegante Motor s\u00faper potente Potencia 600 Watts Gran tubo de alimentaci\u00f3n 2 niveles de potencia Filtro y cuchilla de acero inoxidable Gabinete de pl\u00e1stico Traba de seguridad Jarra para jugo de 500ml de capacidad<\/p>\n","protected":false},"excerpt":{"rendered":"<p>EXTRACTOR DE JUGO 600W PC-725 KEN BROWN<\/p>\n","protected":false},"featured_media":2228,"template":"","meta":{"_acf_changed":false},"product_brand":[],"product_cat":[41],"product_tag":[],"class_list":{"0":"post-2229","1":"product","2":"type-product","3":"status-publish","4":"has-post-thumbnail","6":"product_cat-electrodomesticos","8":"first","9":"instock","10":"shipping-taxable","11":"product-type-simple"},"acf":[],"_links":{"self":[{"href":"https:\/\/online.dmgroup.com.ar\/index.php?rest_route=\/wp\/v2\/product\/2229","targetHints":{"allow":["GET"]}}],"collection":[{"href":"https:\/\/online.dmgroup.com.ar\/index.php?rest_route=\/wp\/v2\/product"}],"about":[{"href":"https:\/\/online.dmgroup.com.ar\/index.php?rest_route=\/wp\/v2\/types\/product"}],"version-history":[{"count":0,"href":"https:\/\/online.dmgroup.com.ar\/index.php?rest_route=\/wp\/v2\/product\/2229\/revisions"}],"wp:featuredmedia":[{"embeddable":true,"href":"https:\/\/online.dmgroup.com.ar\/index.php?rest_route=\/wp\/v2\/media\/2228"}],"wp:attachment":[{"href":"https:\/\/online.dmgroup.com.ar\/index.php?rest_route=%2Fwp%2Fv2%2Fmedia&parent=2229"}],"wp:term":[{"taxonomy":"product_brand","embeddable":true,"href":"https:\/\/online.dmgroup.com.ar\/index.php?rest_route=%2Fwp%2Fv2%2Fproduct_brand&post=2229"},{"taxonomy":"product_cat","embeddable":true,"href":"https:\/\/online.dmgroup.com.ar\/index.php?rest_route=%2Fwp%2Fv2%2Fproduct_cat&post=2229"},{"taxonomy":"product_tag","embeddable":true,"href":"https:\/\/online.dmgroup.com.ar\/index.php?rest_route=%2Fwp%2Fv2%2Fproduct_tag&post=2229"}],"curies":[{"name":"wp","href":"https:\/\/api.w.org\/{rel}","templated":true}]}}