{"id":2255,"date":"2025-05-11T00:51:26","date_gmt":"2025-05-11T03:51:26","guid":{"rendered":"https:\/\/online.dmgroup.com.ar\/product\/fogon-carreta-litoraleno-full-h4-fogones-del-litoral\/"},"modified":"2026-02-05T12:01:16","modified_gmt":"2026-02-05T15:01:16","slug":"fogon-carreta-litoraleno-full-h4-fogones-del-litoral","status":"publish","type":"product","link":"https:\/\/online.dmgroup.com.ar\/?product=fogon-carreta-litoraleno-full-h4-fogones-del-litoral","title":{"rendered":"FOGON CARRETA LITORALE\u00d1O FULL H4 FOGONES DEL LITORAL"},"content":{"rendered":"<p>Construido en chapa de 1-8 (3,2 de espesor) con 1000 mm de di\u00e1metro, un aro circular de 120 mm y 3,2 de espesor de borde. Tiene 750 mm de altura y dos ruedas de hierro con banda de 1-8. Estas est\u00e1n sostenidas por un soporte de 1-8 , dos patas de ca\u00f1o redondo de 2 pulgadas y posee dos manijas de 750 mm . Tambi\u00e9n posee cadenas decorativas y una puerta frontal para facilitar la limpieza. Incluye un le\u00f1ero corona construido en hierro del 8 trefilado, planchuela de 1 pulgada x 1-8 y planchuela de 5-8 x 1-8. Tiene un di\u00e1metro de 280 mm, una altura de 290 mm y una profundidad de 220 mm .Una parrilla semicircular reforzada construida en hierro angulo de 5-8 x 1-8 ,planchuela de 5-8 y emparrillado de hierro del 8 trefilado. Tiene 710 mm de frente, 360 mm en su parte m\u00e1s profunda y una altura de 130 mm .Una estaca mediana construida con una columna de hierro trefilado de 13 mm, 4 travesa\u00f1os de hierro T de 1 pulgada x 1-8 , 3 brazos de hierro trefilado de 8mm m\u00f3viles y pinchos de 6 mm con 3 trabas m\u00f3viles de 4 puntos que permiten un mejor agarre de la pieza a cocinar. La estaca gira 360\u00b0 sobre su eje y cuenta con una manivela y un extractor de estaca. Una plancheta construida en chapa de 1-8,tiene una medida de 400 mm x 400 mm y una profundidad de 20 mm .Esta plancheta posee una manija de madera que permite un giro de 360 sobre su eje y es regulable en altura. Y una tabla grande de madera desmontable para cortes colocada en sus manijas. Posee 620 mm de ancho x 260 mm de profundo y un espesor de 1 1-2 pulgadas<\/p>\n","protected":false},"excerpt":{"rendered":"<p>FOGON CARRETA LITORALE\u00d1O FULL H4 FOGONES DEL LITORAL<\/p>\n","protected":false},"featured_media":2254,"template":"","meta":{"_acf_changed":false},"product_brand":[],"product_cat":[39],"product_tag":[],"class_list":{"0":"post-2255","1":"product","2":"type-product","3":"status-publish","4":"has-post-thumbnail","6":"product_cat-cocina-de-hogar","8":"first","9":"instock","10":"shipping-taxable","11":"product-type-simple"},"acf":[],"_links":{"self":[{"href":"https:\/\/online.dmgroup.com.ar\/index.php?rest_route=\/wp\/v2\/product\/2255","targetHints":{"allow":["GET"]}}],"collection":[{"href":"https:\/\/online.dmgroup.com.ar\/index.php?rest_route=\/wp\/v2\/product"}],"about":[{"href":"https:\/\/online.dmgroup.com.ar\/index.php?rest_route=\/wp\/v2\/types\/product"}],"version-history":[{"count":0,"href":"https:\/\/online.dmgroup.com.ar\/index.php?rest_route=\/wp\/v2\/product\/2255\/revisions"}],"wp:featuredmedia":[{"embeddable":true,"href":"https:\/\/online.dmgroup.com.ar\/index.php?rest_route=\/wp\/v2\/media\/2254"}],"wp:attachment":[{"href":"https:\/\/online.dmgroup.com.ar\/index.php?rest_route=%2Fwp%2Fv2%2Fmedia&parent=2255"}],"wp:term":[{"taxonomy":"product_brand","embeddable":true,"href":"https:\/\/online.dmgroup.com.ar\/index.php?rest_route=%2Fwp%2Fv2%2Fproduct_brand&post=2255"},{"taxonomy":"product_cat","embeddable":true,"href":"https:\/\/online.dmgroup.com.ar\/index.php?rest_route=%2Fwp%2Fv2%2Fproduct_cat&post=2255"},{"taxonomy":"product_tag","embeddable":true,"href":"https:\/\/online.dmgroup.com.ar\/index.php?rest_route=%2Fwp%2Fv2%2Fproduct_tag&post=2255"}],"curies":[{"name":"wp","href":"https:\/\/api.w.org\/{rel}","templated":true}]}}