{"id":2263,"date":"2025-05-12T00:50:21","date_gmt":"2025-05-12T03:50:21","guid":{"rendered":"https:\/\/online.dmgroup.com.ar\/product\/fogon-circular-litoraleno-full-i4-fogones-del-litoral\/"},"modified":"2026-02-05T12:01:25","modified_gmt":"2026-02-05T15:01:25","slug":"fogon-circular-litoraleno-full-i4-fogones-del-litoral","status":"publish","type":"product","link":"https:\/\/online.dmgroup.com.ar\/?product=fogon-circular-litoraleno-full-i4-fogones-del-litoral","title":{"rendered":"FOGON CIRCULAR LITORALE\u00d1O FULL I4 FOGONES DEL LITORAL"},"content":{"rendered":"<p>Construido en chapa de 1-8 (3,2 de espesor) con 1000 mm de di\u00e1metro, un aro circular de 120 mm y 3,2 de espesor de borde. Tiene 700 mm de altura, posee 4 patas en ca\u00f1o redondo de 2 pulgadas. Tambi\u00e9n posee cadenas y 4 aros construido en hierro trefilado de 13 mm decorativos los cuales cumplen la funci\u00f3n de manija para movilizar el fog\u00f3n y una puerta frontal para facilitar la limpieza.  Incluye un le\u00f1ero corona construido en hierro del 8 trefilado, planchuela de 1 pulgada x 1-8 y planchuela de 5-8 x 1-8. Tiene un di\u00e1metro de 280 mm, una altura de 290 mm y una profundidad de 220 mm . Una parrilla semicircular reforzada construida en hierro \u00e1ngulo de 5-8 x 1-8 ,planchuela de 5-8 y emparrillado de hierro del 8 trefilado. Tiene 710 mm de frente, 360 mm en su parte m\u00e1s profunda y una altura de 130 mm .Una estaca mediana construida con una columna de hierro trefilado de 13 mm, 4 travesa\u00f1os de hierro T de 1 pulgada x 1-8 , 3 brazos de hierro trefilado de 8mm m\u00f3viles y pinchos de 6 mm con 3 trabas m\u00f3viles de 4 puntos que permiten un mejor agarre de la pieza a cocinar. La estaca gira 360\u00b0 sobre su eje y cuenta con una manivela y un extractor de estaca. Una plancheta construida en chapa de 1-8 y su soporte en \u00e1ngulo de 5-8 x 1-8 ,tiene una medida de 400 mm x 400 mm y una profundidad de 20 mm . Esta plancheta posee una manija de madera que permite un giro de 360\u00b0 sobre su eje y es regulable en altura. Una tabla grande de madera desmontable para cortes colocada en soportes construido en chap\u00f3n de 1-8 con cuchillero y aro trapero. Posee 620 mm de ancho x 260 mm de profundo y un espesor de 1 1-2 pulgadas.<\/p>\n","protected":false},"excerpt":{"rendered":"<p>FOGON CIRCULAR LITORALE\u00d1O FULL I4 FOGONES DEL LITORAL<\/p>\n","protected":false},"featured_media":2262,"template":"","meta":{"_acf_changed":false},"product_brand":[],"product_cat":[39],"product_tag":[],"class_list":{"0":"post-2263","1":"product","2":"type-product","3":"status-publish","4":"has-post-thumbnail","6":"product_cat-cocina-de-hogar","8":"first","9":"instock","10":"shipping-taxable","11":"product-type-simple"},"acf":[],"_links":{"self":[{"href":"https:\/\/online.dmgroup.com.ar\/index.php?rest_route=\/wp\/v2\/product\/2263","targetHints":{"allow":["GET"]}}],"collection":[{"href":"https:\/\/online.dmgroup.com.ar\/index.php?rest_route=\/wp\/v2\/product"}],"about":[{"href":"https:\/\/online.dmgroup.com.ar\/index.php?rest_route=\/wp\/v2\/types\/product"}],"version-history":[{"count":0,"href":"https:\/\/online.dmgroup.com.ar\/index.php?rest_route=\/wp\/v2\/product\/2263\/revisions"}],"wp:featuredmedia":[{"embeddable":true,"href":"https:\/\/online.dmgroup.com.ar\/index.php?rest_route=\/wp\/v2\/media\/2262"}],"wp:attachment":[{"href":"https:\/\/online.dmgroup.com.ar\/index.php?rest_route=%2Fwp%2Fv2%2Fmedia&parent=2263"}],"wp:term":[{"taxonomy":"product_brand","embeddable":true,"href":"https:\/\/online.dmgroup.com.ar\/index.php?rest_route=%2Fwp%2Fv2%2Fproduct_brand&post=2263"},{"taxonomy":"product_cat","embeddable":true,"href":"https:\/\/online.dmgroup.com.ar\/index.php?rest_route=%2Fwp%2Fv2%2Fproduct_cat&post=2263"},{"taxonomy":"product_tag","embeddable":true,"href":"https:\/\/online.dmgroup.com.ar\/index.php?rest_route=%2Fwp%2Fv2%2Fproduct_tag&post=2263"}],"curies":[{"name":"wp","href":"https:\/\/api.w.org\/{rel}","templated":true}]}}