{"id":2293,"date":"2025-05-13T00:51:25","date_gmt":"2025-05-13T03:51:25","guid":{"rendered":"https:\/\/online.dmgroup.com.ar\/product\/freezer-224-lts-gris-fr-2520-briket\/"},"modified":"2026-02-05T12:02:20","modified_gmt":"2026-02-05T15:02:20","slug":"freezer-224-lts-gris-fr-2520-briket","status":"publish","type":"product","link":"https:\/\/online.dmgroup.com.ar\/?product=freezer-224-lts-gris-fr-2520-briket","title":{"rendered":"FREEZER 224 LTS. GRIS FR-2520 BRIKET"},"content":{"rendered":"<p>FR 2520 BRIKET SILVER FREEZER TRIAL COLOR INOX Caracter\u00edsticas  Volumen: 224 lt  Ancho: 945 mm  Profundidad: 700 mm  Alto: 855 mm  Clasificaci\u00f3n energ\u00e9tica: Clase A http:&#8211;www.briketweb.com.ar-v2-productos.php?id=26 <\/p>\n","protected":false},"excerpt":{"rendered":"<p>FREEZER 224 LTS. GRIS FR-2520 BRIKET<\/p>\n","protected":false},"featured_media":2292,"template":"","meta":{"_acf_changed":false},"product_brand":[],"product_cat":[43],"product_tag":[],"class_list":{"0":"post-2293","1":"product","2":"type-product","3":"status-publish","4":"has-post-thumbnail","6":"product_cat-heladera-freezer-comercial","8":"first","9":"instock","10":"shipping-taxable","11":"product-type-simple"},"acf":[],"_links":{"self":[{"href":"https:\/\/online.dmgroup.com.ar\/index.php?rest_route=\/wp\/v2\/product\/2293","targetHints":{"allow":["GET"]}}],"collection":[{"href":"https:\/\/online.dmgroup.com.ar\/index.php?rest_route=\/wp\/v2\/product"}],"about":[{"href":"https:\/\/online.dmgroup.com.ar\/index.php?rest_route=\/wp\/v2\/types\/product"}],"version-history":[{"count":0,"href":"https:\/\/online.dmgroup.com.ar\/index.php?rest_route=\/wp\/v2\/product\/2293\/revisions"}],"wp:featuredmedia":[{"embeddable":true,"href":"https:\/\/online.dmgroup.com.ar\/index.php?rest_route=\/wp\/v2\/media\/2292"}],"wp:attachment":[{"href":"https:\/\/online.dmgroup.com.ar\/index.php?rest_route=%2Fwp%2Fv2%2Fmedia&parent=2293"}],"wp:term":[{"taxonomy":"product_brand","embeddable":true,"href":"https:\/\/online.dmgroup.com.ar\/index.php?rest_route=%2Fwp%2Fv2%2Fproduct_brand&post=2293"},{"taxonomy":"product_cat","embeddable":true,"href":"https:\/\/online.dmgroup.com.ar\/index.php?rest_route=%2Fwp%2Fv2%2Fproduct_cat&post=2293"},{"taxonomy":"product_tag","embeddable":true,"href":"https:\/\/online.dmgroup.com.ar\/index.php?rest_route=%2Fwp%2Fv2%2Fproduct_tag&post=2293"}],"curies":[{"name":"wp","href":"https:\/\/api.w.org\/{rel}","templated":true}]}}