{"id":2339,"date":"2025-05-14T00:51:36","date_gmt":"2025-05-14T03:51:36","guid":{"rendered":"https:\/\/online.dmgroup.com.ar\/product\/freidora-10-lts-acero-inoxidable-triple-inyeccion-043-sol-real\/"},"modified":"2026-02-05T12:03:16","modified_gmt":"2026-02-05T15:03:16","slug":"freidora-10-lts-acero-inoxidable-triple-inyeccion-043-sol-real","status":"publish","type":"product","link":"https:\/\/online.dmgroup.com.ar\/?product=freidora-10-lts-acero-inoxidable-triple-inyeccion-043-sol-real","title":{"rendered":"FREIDORA 10 LTS. ACERO INOXIDABLE TRIPLE INYECCION 043 SOL REAL"},"content":{"rendered":"<p>043 FREIDORA 10 LTS. &#8211; TRIPLE INYECCI\u00d3N Gabinete 100% acero inoxidable esmerilado. Puerta inferior desmontable. Tacho enlozado con tapa de acero inoxidable. 1 Canasto acero inoxidable. Medidas: 24x18x12 cm. 6 inyectores + piloto, con comandos individuales. Incluye v\u00e1lvula de seguridad. Desagote con llave esf\u00e9rica de bronce. Kilocalor\u00edas-h. 9.400 <\/p>\n","protected":false},"excerpt":{"rendered":"<p>FREIDORA 10 LTS. ACERO INOXIDABLE TRIPLE INYECCION 043 SOL REAL<\/p>\n","protected":false},"featured_media":2338,"template":"","meta":{"_acf_changed":false},"product_brand":[],"product_cat":[38],"product_tag":[],"class_list":{"0":"post-2339","1":"product","2":"type-product","3":"status-publish","4":"has-post-thumbnail","6":"product_cat-cocina-comercial","8":"first","9":"instock","10":"shipping-taxable","11":"product-type-simple"},"acf":[],"_links":{"self":[{"href":"https:\/\/online.dmgroup.com.ar\/index.php?rest_route=\/wp\/v2\/product\/2339","targetHints":{"allow":["GET"]}}],"collection":[{"href":"https:\/\/online.dmgroup.com.ar\/index.php?rest_route=\/wp\/v2\/product"}],"about":[{"href":"https:\/\/online.dmgroup.com.ar\/index.php?rest_route=\/wp\/v2\/types\/product"}],"version-history":[{"count":0,"href":"https:\/\/online.dmgroup.com.ar\/index.php?rest_route=\/wp\/v2\/product\/2339\/revisions"}],"wp:featuredmedia":[{"embeddable":true,"href":"https:\/\/online.dmgroup.com.ar\/index.php?rest_route=\/wp\/v2\/media\/2338"}],"wp:attachment":[{"href":"https:\/\/online.dmgroup.com.ar\/index.php?rest_route=%2Fwp%2Fv2%2Fmedia&parent=2339"}],"wp:term":[{"taxonomy":"product_brand","embeddable":true,"href":"https:\/\/online.dmgroup.com.ar\/index.php?rest_route=%2Fwp%2Fv2%2Fproduct_brand&post=2339"},{"taxonomy":"product_cat","embeddable":true,"href":"https:\/\/online.dmgroup.com.ar\/index.php?rest_route=%2Fwp%2Fv2%2Fproduct_cat&post=2339"},{"taxonomy":"product_tag","embeddable":true,"href":"https:\/\/online.dmgroup.com.ar\/index.php?rest_route=%2Fwp%2Fv2%2Fproduct_tag&post=2339"}],"curies":[{"name":"wp","href":"https:\/\/api.w.org\/{rel}","templated":true}]}}