{"id":2358,"date":"2025-05-15T00:50:32","date_gmt":"2025-05-15T03:50:32","guid":{"rendered":"https:\/\/online.dmgroup.com.ar\/product\/freidora-33-lts-triple-inyeccion-045-gnv-sol-real\/"},"modified":"2026-02-05T12:03:39","modified_gmt":"2026-02-05T15:03:39","slug":"freidora-33-lts-triple-inyeccion-045-gnv-sol-real","status":"publish","type":"product","link":"https:\/\/online.dmgroup.com.ar\/?product=freidora-33-lts-triple-inyeccion-045-gnv-sol-real","title":{"rendered":"FREIDORA 33 LTS TRIPLE INYECCI\u00d3N 045-GNV SOL REAL"},"content":{"rendered":"<p>Gabinete 100% acero inoxidable esmerilado. Puerta inferior desmontable. Tacho enlozado con tapa de acero inoxidable. 2 Canastos acero inoxidable de 24x24x12 cm y 24x18x12 cm. 12 inyectores + piloto, con comandos individuales. Incluye v\u00e1lvula de seguridad. Desagote con llave esf\u00e9rica de bronce. Kilocalor\u00edas-h.: 17.800<\/p>\n","protected":false},"excerpt":{"rendered":"<p>FREIDORA 33 LTS TRIPLE INYECCI\u00d3N 045-GNV SOL REAL<\/p>\n","protected":false},"featured_media":2357,"template":"","meta":{"_acf_changed":false},"product_brand":[],"product_cat":[38],"product_tag":[],"class_list":{"0":"post-2358","1":"product","2":"type-product","3":"status-publish","4":"has-post-thumbnail","6":"product_cat-cocina-comercial","8":"first","9":"instock","10":"shipping-taxable","11":"product-type-simple"},"acf":[],"_links":{"self":[{"href":"https:\/\/online.dmgroup.com.ar\/index.php?rest_route=\/wp\/v2\/product\/2358","targetHints":{"allow":["GET"]}}],"collection":[{"href":"https:\/\/online.dmgroup.com.ar\/index.php?rest_route=\/wp\/v2\/product"}],"about":[{"href":"https:\/\/online.dmgroup.com.ar\/index.php?rest_route=\/wp\/v2\/types\/product"}],"version-history":[{"count":0,"href":"https:\/\/online.dmgroup.com.ar\/index.php?rest_route=\/wp\/v2\/product\/2358\/revisions"}],"wp:featuredmedia":[{"embeddable":true,"href":"https:\/\/online.dmgroup.com.ar\/index.php?rest_route=\/wp\/v2\/media\/2357"}],"wp:attachment":[{"href":"https:\/\/online.dmgroup.com.ar\/index.php?rest_route=%2Fwp%2Fv2%2Fmedia&parent=2358"}],"wp:term":[{"taxonomy":"product_brand","embeddable":true,"href":"https:\/\/online.dmgroup.com.ar\/index.php?rest_route=%2Fwp%2Fv2%2Fproduct_brand&post=2358"},{"taxonomy":"product_cat","embeddable":true,"href":"https:\/\/online.dmgroup.com.ar\/index.php?rest_route=%2Fwp%2Fv2%2Fproduct_cat&post=2358"},{"taxonomy":"product_tag","embeddable":true,"href":"https:\/\/online.dmgroup.com.ar\/index.php?rest_route=%2Fwp%2Fv2%2Fproduct_tag&post=2358"}],"curies":[{"name":"wp","href":"https:\/\/api.w.org\/{rel}","templated":true}]}}