{"id":2392,"date":"2025-05-16T00:50:14","date_gmt":"2025-05-16T03:50:14","guid":{"rendered":"https:\/\/online.dmgroup.com.ar\/product\/freidora-electrica-sin-aceite-af-220-ken-brown\/"},"modified":"2026-02-05T12:04:24","modified_gmt":"2026-02-05T15:04:24","slug":"freidora-electrica-sin-aceite-af-220-ken-brown","status":"publish","type":"product","link":"https:\/\/online.dmgroup.com.ar\/?product=freidora-electrica-sin-aceite-af-220-ken-brown","title":{"rendered":"FREIDORA ELECTRICA SIN ACEITE AF-220 KEN BROWN"},"content":{"rendered":"<p>Freidora el\u00e9ctrica SIN ACEITE Ken Brown AF-220 Potencia 1000 Watts Termostato ajustable para diversos tipos de cocci\u00f3n de 80\u00baC a 200\u00baC Cocci\u00f3n por circulaci\u00f3n de aire caliente Capacidad 2,2 litros Temporizador de 30 minutos Recipiente antiadherente extra\u00edble con grill separador Indicadores luminosos de encendido y calentamiento F\u00e1cil limpieza Para fre\u00edr, hornear o cocinar  Sistema de cocci\u00f3n saludable para fre\u00edr sin grasa ni aceite Comidas sabrosas, crujientes y jugosas Peso 3 kg Dimensiones 24.7 \u00d7 24.7 \u00d7 33.8 cm <\/p>\n","protected":false},"excerpt":{"rendered":"<p>FREIDORA ELECTRICA SIN ACEITE AF-220 KEN BROWN<\/p>\n","protected":false},"featured_media":2391,"template":"","meta":{"_acf_changed":false},"product_brand":[],"product_cat":[39],"product_tag":[],"class_list":{"0":"post-2392","1":"product","2":"type-product","3":"status-publish","4":"has-post-thumbnail","6":"product_cat-cocina-de-hogar","8":"first","9":"instock","10":"shipping-taxable","11":"product-type-simple"},"acf":[],"_links":{"self":[{"href":"https:\/\/online.dmgroup.com.ar\/index.php?rest_route=\/wp\/v2\/product\/2392","targetHints":{"allow":["GET"]}}],"collection":[{"href":"https:\/\/online.dmgroup.com.ar\/index.php?rest_route=\/wp\/v2\/product"}],"about":[{"href":"https:\/\/online.dmgroup.com.ar\/index.php?rest_route=\/wp\/v2\/types\/product"}],"version-history":[{"count":0,"href":"https:\/\/online.dmgroup.com.ar\/index.php?rest_route=\/wp\/v2\/product\/2392\/revisions"}],"wp:featuredmedia":[{"embeddable":true,"href":"https:\/\/online.dmgroup.com.ar\/index.php?rest_route=\/wp\/v2\/media\/2391"}],"wp:attachment":[{"href":"https:\/\/online.dmgroup.com.ar\/index.php?rest_route=%2Fwp%2Fv2%2Fmedia&parent=2392"}],"wp:term":[{"taxonomy":"product_brand","embeddable":true,"href":"https:\/\/online.dmgroup.com.ar\/index.php?rest_route=%2Fwp%2Fv2%2Fproduct_brand&post=2392"},{"taxonomy":"product_cat","embeddable":true,"href":"https:\/\/online.dmgroup.com.ar\/index.php?rest_route=%2Fwp%2Fv2%2Fproduct_cat&post=2392"},{"taxonomy":"product_tag","embeddable":true,"href":"https:\/\/online.dmgroup.com.ar\/index.php?rest_route=%2Fwp%2Fv2%2Fproduct_tag&post=2392"}],"curies":[{"name":"wp","href":"https:\/\/api.w.org\/{rel}","templated":true}]}}