{"id":2422,"date":"2025-05-16T00:51:10","date_gmt":"2025-05-16T03:51:10","guid":{"rendered":"https:\/\/online.dmgroup.com.ar\/product\/freidora-sin-aceite-easyfryer-5000-telefunken\/"},"modified":"2026-02-05T12:05:00","modified_gmt":"2026-02-05T15:05:00","slug":"freidora-sin-aceite-easyfryer-5000-telefunken","status":"publish","type":"product","link":"https:\/\/online.dmgroup.com.ar\/?product=freidora-sin-aceite-easyfryer-5000-telefunken","title":{"rendered":"FREIDORA SIN ACEITE EASYFRYER 5000 TELEFUNKEN"},"content":{"rendered":"<p>Panel digital t\u00e1ctil. 8 modos de cocci\u00f3n. Capacidad de 5 litros. Sistema de cocci\u00f3n con aire caliente. Potencia m\u00e1xima de 1700W. Control digital de temperatura (0 a 60 min.). Temperatura entre los 80\u00b0C a 200\u00b0C. Control digital de tiempo. Superficie antiadherente. Canasta extra\u00edble. Sistema de seguridad SafeLock. 99% menos de aceite. Alimentaci\u00f3n el\u00e9ctrica: 220-240V \u2013 50-60Hz, 1700W CLASE I La EASYFRYER-5000 de Telefunken es una freidora de aire de 5 litros, cuenta con un innovador sistema de circulaci\u00f3n de aire caliente que te permite preparar comidas m\u00e1s saludables en menos tiempos, posee con un panel digital t\u00e1ctil con 8 configuraciones preestablecidas, temporizador y control de temperatura de alta precisi\u00f3n. Adem\u00e1s, cuenta con sistema de seguridad SAFELOCK.<\/p>\n","protected":false},"excerpt":{"rendered":"<p>FREIDORA SIN ACEITE EASYFRYER 5000 TELEFUNKEN<\/p>\n","protected":false},"featured_media":2421,"template":"","meta":{"_acf_changed":false},"product_brand":[],"product_cat":[39],"product_tag":[],"class_list":{"0":"post-2422","1":"product","2":"type-product","3":"status-publish","4":"has-post-thumbnail","6":"product_cat-cocina-de-hogar","8":"first","9":"instock","10":"shipping-taxable","11":"product-type-simple"},"acf":[],"_links":{"self":[{"href":"https:\/\/online.dmgroup.com.ar\/index.php?rest_route=\/wp\/v2\/product\/2422","targetHints":{"allow":["GET"]}}],"collection":[{"href":"https:\/\/online.dmgroup.com.ar\/index.php?rest_route=\/wp\/v2\/product"}],"about":[{"href":"https:\/\/online.dmgroup.com.ar\/index.php?rest_route=\/wp\/v2\/types\/product"}],"version-history":[{"count":0,"href":"https:\/\/online.dmgroup.com.ar\/index.php?rest_route=\/wp\/v2\/product\/2422\/revisions"}],"wp:featuredmedia":[{"embeddable":true,"href":"https:\/\/online.dmgroup.com.ar\/index.php?rest_route=\/wp\/v2\/media\/2421"}],"wp:attachment":[{"href":"https:\/\/online.dmgroup.com.ar\/index.php?rest_route=%2Fwp%2Fv2%2Fmedia&parent=2422"}],"wp:term":[{"taxonomy":"product_brand","embeddable":true,"href":"https:\/\/online.dmgroup.com.ar\/index.php?rest_route=%2Fwp%2Fv2%2Fproduct_brand&post=2422"},{"taxonomy":"product_cat","embeddable":true,"href":"https:\/\/online.dmgroup.com.ar\/index.php?rest_route=%2Fwp%2Fv2%2Fproduct_cat&post=2422"},{"taxonomy":"product_tag","embeddable":true,"href":"https:\/\/online.dmgroup.com.ar\/index.php?rest_route=%2Fwp%2Fv2%2Fproduct_tag&post=2422"}],"curies":[{"name":"wp","href":"https:\/\/api.w.org\/{rel}","templated":true}]}}