{"id":2424,"date":"2025-05-16T00:51:14","date_gmt":"2025-05-16T03:51:14","guid":{"rendered":"https:\/\/online.dmgroup.com.ar\/product\/freidora-sin-aceite-power-fryer-4-5-blaupunkt\/"},"modified":"2026-02-05T12:05:03","modified_gmt":"2026-02-05T15:05:03","slug":"freidora-sin-aceite-power-fryer-4-5-blaupunkt","status":"publish","type":"product","link":"https:\/\/online.dmgroup.com.ar\/?product=freidora-sin-aceite-power-fryer-4-5-blaupunkt","title":{"rendered":"FREIDORA SIN ACEITE POWER FRYER 4.5 BLAUPUNKT"},"content":{"rendered":"<p>POWER FRYER 4.5 Freidora el\u00e9ctrica de aire Potencia 1500W Touch Control Panel Display digital Multi-programa Temporizador digital Cestillo de fritura removible Antiadherente Bot\u00f3n de cierre seguro Manija para manipular Cuerpo fr\u00edo al tacto Uso f\u00e1cil Soportes de alta estabilidad Capacidad total 3.5L https:&#8211;blaupunkt.com-c_la-producto-freidora-de-aire-freidora-sin-aceite-power-fryer-4-5-<\/p>\n","protected":false},"excerpt":{"rendered":"<p>FREIDORA SIN ACEITE POWER FRYER 4.5 BLAUPUNKT<\/p>\n","protected":false},"featured_media":2423,"template":"","meta":{"_acf_changed":false},"product_brand":[],"product_cat":[39],"product_tag":[],"class_list":{"0":"post-2424","1":"product","2":"type-product","3":"status-publish","4":"has-post-thumbnail","6":"product_cat-cocina-de-hogar","8":"first","9":"instock","10":"shipping-taxable","11":"product-type-simple"},"acf":[],"_links":{"self":[{"href":"https:\/\/online.dmgroup.com.ar\/index.php?rest_route=\/wp\/v2\/product\/2424","targetHints":{"allow":["GET"]}}],"collection":[{"href":"https:\/\/online.dmgroup.com.ar\/index.php?rest_route=\/wp\/v2\/product"}],"about":[{"href":"https:\/\/online.dmgroup.com.ar\/index.php?rest_route=\/wp\/v2\/types\/product"}],"version-history":[{"count":0,"href":"https:\/\/online.dmgroup.com.ar\/index.php?rest_route=\/wp\/v2\/product\/2424\/revisions"}],"wp:featuredmedia":[{"embeddable":true,"href":"https:\/\/online.dmgroup.com.ar\/index.php?rest_route=\/wp\/v2\/media\/2423"}],"wp:attachment":[{"href":"https:\/\/online.dmgroup.com.ar\/index.php?rest_route=%2Fwp%2Fv2%2Fmedia&parent=2424"}],"wp:term":[{"taxonomy":"product_brand","embeddable":true,"href":"https:\/\/online.dmgroup.com.ar\/index.php?rest_route=%2Fwp%2Fv2%2Fproduct_brand&post=2424"},{"taxonomy":"product_cat","embeddable":true,"href":"https:\/\/online.dmgroup.com.ar\/index.php?rest_route=%2Fwp%2Fv2%2Fproduct_cat&post=2424"},{"taxonomy":"product_tag","embeddable":true,"href":"https:\/\/online.dmgroup.com.ar\/index.php?rest_route=%2Fwp%2Fv2%2Fproduct_tag&post=2424"}],"curies":[{"name":"wp","href":"https:\/\/api.w.org\/{rel}","templated":true}]}}