{"id":2442,"date":"2025-05-17T00:50:31","date_gmt":"2025-05-17T03:50:31","guid":{"rendered":"https:\/\/online.dmgroup.com.ar\/product\/futon-3-cuerpos-tabaco-laqueado-de-france\/"},"modified":"2026-02-05T12:05:23","modified_gmt":"2026-02-05T15:05:23","slug":"futon-3-cuerpos-tabaco-laqueado-de-france","status":"publish","type":"product","link":"https:\/\/online.dmgroup.com.ar\/?product=futon-3-cuerpos-tabaco-laqueado-de-france","title":{"rendered":"FUTON 3 CUERPOS TABACO LAQUEADO DE FRANCE"},"content":{"rendered":"<p>FUTON 3 CUERPOS PINO LAQUEADO &#8211; Madera: Pino seleccionado. Secado, cepillado y moldurado seg\u00fan est\u00e1ndar ISO 9001 Terminaci\u00f3n: Laca tonalizada semibrillo aplicada a soplete autom\u00e1tico y curada mediante horno UV &#8211; Embalaje: Caja cerrada cart\u00f3n corrug. 90 g reforzado <\/p>\n","protected":false},"excerpt":{"rendered":"<p>FUTON 3 CUERPOS TABACO LAQUEADO<\/p>\n","protected":false},"featured_media":2441,"template":"","meta":{"_acf_changed":false},"product_brand":[],"product_cat":[50],"product_tag":[],"class_list":{"0":"post-2442","1":"product","2":"type-product","3":"status-publish","4":"has-post-thumbnail","6":"product_cat-muebles-de-hogar","8":"first","9":"instock","10":"shipping-taxable","11":"product-type-simple"},"acf":[],"_links":{"self":[{"href":"https:\/\/online.dmgroup.com.ar\/index.php?rest_route=\/wp\/v2\/product\/2442","targetHints":{"allow":["GET"]}}],"collection":[{"href":"https:\/\/online.dmgroup.com.ar\/index.php?rest_route=\/wp\/v2\/product"}],"about":[{"href":"https:\/\/online.dmgroup.com.ar\/index.php?rest_route=\/wp\/v2\/types\/product"}],"version-history":[{"count":0,"href":"https:\/\/online.dmgroup.com.ar\/index.php?rest_route=\/wp\/v2\/product\/2442\/revisions"}],"wp:featuredmedia":[{"embeddable":true,"href":"https:\/\/online.dmgroup.com.ar\/index.php?rest_route=\/wp\/v2\/media\/2441"}],"wp:attachment":[{"href":"https:\/\/online.dmgroup.com.ar\/index.php?rest_route=%2Fwp%2Fv2%2Fmedia&parent=2442"}],"wp:term":[{"taxonomy":"product_brand","embeddable":true,"href":"https:\/\/online.dmgroup.com.ar\/index.php?rest_route=%2Fwp%2Fv2%2Fproduct_brand&post=2442"},{"taxonomy":"product_cat","embeddable":true,"href":"https:\/\/online.dmgroup.com.ar\/index.php?rest_route=%2Fwp%2Fv2%2Fproduct_cat&post=2442"},{"taxonomy":"product_tag","embeddable":true,"href":"https:\/\/online.dmgroup.com.ar\/index.php?rest_route=%2Fwp%2Fv2%2Fproduct_tag&post=2442"}],"curies":[{"name":"wp","href":"https:\/\/api.w.org\/{rel}","templated":true}]}}