{"id":2472,"date":"2025-05-17T00:51:29","date_gmt":"2025-05-17T03:51:29","guid":{"rendered":"https:\/\/online.dmgroup.com.ar\/product\/generador-electrico-nafta-10kva-20hp-kldgae9500-kld\/"},"modified":"2026-02-05T12:06:02","modified_gmt":"2026-02-05T15:06:02","slug":"generador-electrico-nafta-10kva-20hp-kldgae9500-kld","status":"publish","type":"product","link":"https:\/\/online.dmgroup.com.ar\/?product=generador-electrico-nafta-10kva-20hp-kldgae9500-kld","title":{"rendered":"GENERADOR ELECTRICO NAFTA 10KVA 20HP KLDGAE9500 KLD"},"content":{"rendered":"<p>KLDGAE9500 Generador el\u00e9ctrico a nafta Tensi\u00f3n 220v 50hz &#8211; Monof\u00e1sico Factor de potencia 0.8 Potencia 20 HP Cilindros 2 Cilindrada 688 CC Capacidad de aceite 1.3 lts Consumo 4.18 Lts-h Autonom\u00eda 5.5 hs Nivel Sonoridad 77 dB A 7 mts Potencia M\u00e1x: 10000 Watts Arranque El\u00e9ctrico Combustible: Nafta Capacidad del tanque: 24 lts Consumo: 4 L-H Peso aproximado: 175 Kg No incluye bater\u00eda<\/p>\n","protected":false},"excerpt":{"rendered":"<p>GENERADOR ELECTRICO NAFTA 10KVA 20HP KLDGAE9500 KLD<\/p>\n","protected":false},"featured_media":2471,"template":"","meta":{"_acf_changed":false},"product_brand":[],"product_cat":[42],"product_tag":[],"class_list":{"0":"post-2472","1":"product","2":"type-product","3":"status-publish","4":"has-post-thumbnail","6":"product_cat-ferreteria","8":"first","9":"instock","10":"shipping-taxable","11":"product-type-simple"},"acf":[],"_links":{"self":[{"href":"https:\/\/online.dmgroup.com.ar\/index.php?rest_route=\/wp\/v2\/product\/2472","targetHints":{"allow":["GET"]}}],"collection":[{"href":"https:\/\/online.dmgroup.com.ar\/index.php?rest_route=\/wp\/v2\/product"}],"about":[{"href":"https:\/\/online.dmgroup.com.ar\/index.php?rest_route=\/wp\/v2\/types\/product"}],"version-history":[{"count":0,"href":"https:\/\/online.dmgroup.com.ar\/index.php?rest_route=\/wp\/v2\/product\/2472\/revisions"}],"wp:featuredmedia":[{"embeddable":true,"href":"https:\/\/online.dmgroup.com.ar\/index.php?rest_route=\/wp\/v2\/media\/2471"}],"wp:attachment":[{"href":"https:\/\/online.dmgroup.com.ar\/index.php?rest_route=%2Fwp%2Fv2%2Fmedia&parent=2472"}],"wp:term":[{"taxonomy":"product_brand","embeddable":true,"href":"https:\/\/online.dmgroup.com.ar\/index.php?rest_route=%2Fwp%2Fv2%2Fproduct_brand&post=2472"},{"taxonomy":"product_cat","embeddable":true,"href":"https:\/\/online.dmgroup.com.ar\/index.php?rest_route=%2Fwp%2Fv2%2Fproduct_cat&post=2472"},{"taxonomy":"product_tag","embeddable":true,"href":"https:\/\/online.dmgroup.com.ar\/index.php?rest_route=%2Fwp%2Fv2%2Fproduct_tag&post=2472"}],"curies":[{"name":"wp","href":"https:\/\/api.w.org\/{rel}","templated":true}]}}