{"id":2480,"date":"2025-05-18T00:50:22","date_gmt":"2025-05-18T03:50:22","guid":{"rendered":"https:\/\/online.dmgroup.com.ar\/product\/generador-electrico-nafta-8kva-15hp-kldgae8kva-kld\/"},"modified":"2026-02-05T12:06:10","modified_gmt":"2026-02-05T15:06:10","slug":"generador-electrico-nafta-8kva-15hp-kldgae8kva-kld","status":"publish","type":"product","link":"https:\/\/online.dmgroup.com.ar\/?product=generador-electrico-nafta-8kva-15hp-kldgae8kva-kld","title":{"rendered":"GENERADOR ELECTRICO NAFTA 8KVA 15HP KLDGAE8KVA KLD"},"content":{"rendered":"<p>KLDGAE8KVA Generador el\u00e9ctrico a nafta Motor: 4 tiempos refrigerado por aire Potencia del motor: 15 HP Arranque: Manual y el\u00e9ctrico Potencia m\u00e1xima de salida: 6500 w Potencia nominal de salida: 5500 w V\u00e1lvulas a la cabeza &#8211; Mono cil\u00edndrico AVR: Regulador autom\u00e1tico de voltaje Control Oil: Corte autom\u00e1tico por bajo nivel de aceite Medidor de combustible, filtro de aire y bastidor anti vibratorio Capacidad de tanque: 25 Litros Tipo de combustible: Nafta Autonom\u00eda: 10 horas consecutivas por 2 horas de descanso Consumo aproximado: 1 1-2, 2 litros por hora de uso<\/p>\n","protected":false},"excerpt":{"rendered":"<p>GENERADOR ELECTRICO NAFTA 8KVA 15HP KLDGAE8KVA KLD<\/p>\n","protected":false},"featured_media":2479,"template":"","meta":{"_acf_changed":false},"product_brand":[],"product_cat":[42],"product_tag":[],"class_list":{"0":"post-2480","1":"product","2":"type-product","3":"status-publish","4":"has-post-thumbnail","6":"product_cat-ferreteria","8":"first","9":"instock","10":"shipping-taxable","11":"product-type-simple"},"acf":[],"_links":{"self":[{"href":"https:\/\/online.dmgroup.com.ar\/index.php?rest_route=\/wp\/v2\/product\/2480","targetHints":{"allow":["GET"]}}],"collection":[{"href":"https:\/\/online.dmgroup.com.ar\/index.php?rest_route=\/wp\/v2\/product"}],"about":[{"href":"https:\/\/online.dmgroup.com.ar\/index.php?rest_route=\/wp\/v2\/types\/product"}],"version-history":[{"count":0,"href":"https:\/\/online.dmgroup.com.ar\/index.php?rest_route=\/wp\/v2\/product\/2480\/revisions"}],"wp:featuredmedia":[{"embeddable":true,"href":"https:\/\/online.dmgroup.com.ar\/index.php?rest_route=\/wp\/v2\/media\/2479"}],"wp:attachment":[{"href":"https:\/\/online.dmgroup.com.ar\/index.php?rest_route=%2Fwp%2Fv2%2Fmedia&parent=2480"}],"wp:term":[{"taxonomy":"product_brand","embeddable":true,"href":"https:\/\/online.dmgroup.com.ar\/index.php?rest_route=%2Fwp%2Fv2%2Fproduct_brand&post=2480"},{"taxonomy":"product_cat","embeddable":true,"href":"https:\/\/online.dmgroup.com.ar\/index.php?rest_route=%2Fwp%2Fv2%2Fproduct_cat&post=2480"},{"taxonomy":"product_tag","embeddable":true,"href":"https:\/\/online.dmgroup.com.ar\/index.php?rest_route=%2Fwp%2Fv2%2Fproduct_tag&post=2480"}],"curies":[{"name":"wp","href":"https:\/\/api.w.org\/{rel}","templated":true}]}}