{"id":3388,"date":"2025-06-19T00:50:50","date_gmt":"2025-06-19T03:50:50","guid":{"rendered":"https:\/\/online.dmgroup.com.ar\/producto\/auricular-bluetooth-negro-cell-one\/"},"modified":"2026-02-05T11:18:35","modified_gmt":"2026-02-05T14:18:35","slug":"auricular-bluetooth-negro-cell-one","status":"publish","type":"product","link":"https:\/\/online.dmgroup.com.ar\/?product=auricular-bluetooth-negro-cell-one","title":{"rendered":"AURICULAR BLUETOOTH NEGRO CELL ONE"},"content":{"rendered":"<p>AIRPODS MAX CELL ONE NEGRO Versi\u00f3n Bluetooth V5.3+EDR Distancia m\u00e1xima de hasta 10 metros Bater\u00eda de 350mAh, hasta 8 horas de reproducci\u00f3n continua Tiempo de carga es de aproximadamente 3 horas Driver unit de 40mm para un sonido claro y envolvente Dise\u00f1o Inal\u00e1mbrico: las orejeras se pueden quitar magn\u00e9ticamente Funcionalidad Completa: Admite Bluetooth, llamadas, redial y control de volumen<\/p>\n","protected":false},"excerpt":{"rendered":"<p>AURICULAR BLUETOOTH NEGRO CELL ONE<\/p>\n","protected":false},"featured_media":3387,"template":"","meta":{"_acf_changed":false},"product_brand":[],"product_cat":[46],"product_tag":[],"class_list":{"0":"post-3388","1":"product","2":"type-product","3":"status-publish","4":"has-post-thumbnail","6":"product_cat-audio-y-tecnologia","8":"first","9":"instock","10":"shipping-taxable","11":"product-type-simple"},"acf":[],"_links":{"self":[{"href":"https:\/\/online.dmgroup.com.ar\/index.php?rest_route=\/wp\/v2\/product\/3388","targetHints":{"allow":["GET"]}}],"collection":[{"href":"https:\/\/online.dmgroup.com.ar\/index.php?rest_route=\/wp\/v2\/product"}],"about":[{"href":"https:\/\/online.dmgroup.com.ar\/index.php?rest_route=\/wp\/v2\/types\/product"}],"version-history":[{"count":0,"href":"https:\/\/online.dmgroup.com.ar\/index.php?rest_route=\/wp\/v2\/product\/3388\/revisions"}],"wp:featuredmedia":[{"embeddable":true,"href":"https:\/\/online.dmgroup.com.ar\/index.php?rest_route=\/wp\/v2\/media\/3387"}],"wp:attachment":[{"href":"https:\/\/online.dmgroup.com.ar\/index.php?rest_route=%2Fwp%2Fv2%2Fmedia&parent=3388"}],"wp:term":[{"taxonomy":"product_brand","embeddable":true,"href":"https:\/\/online.dmgroup.com.ar\/index.php?rest_route=%2Fwp%2Fv2%2Fproduct_brand&post=3388"},{"taxonomy":"product_cat","embeddable":true,"href":"https:\/\/online.dmgroup.com.ar\/index.php?rest_route=%2Fwp%2Fv2%2Fproduct_cat&post=3388"},{"taxonomy":"product_tag","embeddable":true,"href":"https:\/\/online.dmgroup.com.ar\/index.php?rest_route=%2Fwp%2Fv2%2Fproduct_tag&post=3388"}],"curies":[{"name":"wp","href":"https:\/\/api.w.org\/{rel}","templated":true}]}}