{"id":3396,"date":"2025-06-19T00:51:08","date_gmt":"2025-06-19T03:51:08","guid":{"rendered":"https:\/\/online.dmgroup.com.ar\/producto\/cocina-mini-4-hornallas-parrilla-575p-sol-real\/"},"modified":"2026-02-05T11:45:13","modified_gmt":"2026-02-05T14:45:13","slug":"cocina-mini-4-hornallas-parrilla-575p-sol-real","status":"publish","type":"product","link":"https:\/\/online.dmgroup.com.ar\/?product=cocina-mini-4-hornallas-parrilla-575p-sol-real","title":{"rendered":"COCINA MINI 4 HORNALLAS PARRILLA  575P SOL REAL"},"content":{"rendered":"<p>Gabinete totalmente constru\u00eddo de acero inoxidable.  Mecheros de aluminio fundido.  Interior de horno completamente enlozado, con piso de tejuelas refractarias.  Incluye 3 rejillas extra\u00edbles de 43 x 44 cm.  Puerta de acero inoxidable con manija met\u00e1lica.  Parrilla desplegable con recolector de grasa y manija met\u00e1lica.  Aislaci\u00f3n de lana mineral.  V\u00e1lvula de seguridad en el horno.  Rejas de fundici\u00f3n.  Peso Neto: 40,2 Kg. Kilocalor\u00edas-h: 20.000<\/p>\n","protected":false},"excerpt":{"rendered":"<p>COCINA MINI 4 HORNALLAS PARRILLA  575P SOL REAL<\/p>\n","protected":false},"featured_media":3395,"template":"","meta":{"_acf_changed":false},"product_brand":[],"product_cat":[38],"product_tag":[],"class_list":{"0":"post-3396","1":"product","2":"type-product","3":"status-publish","4":"has-post-thumbnail","6":"product_cat-cocina-comercial","8":"first","9":"instock","10":"shipping-taxable","11":"product-type-simple"},"acf":[],"_links":{"self":[{"href":"https:\/\/online.dmgroup.com.ar\/index.php?rest_route=\/wp\/v2\/product\/3396","targetHints":{"allow":["GET"]}}],"collection":[{"href":"https:\/\/online.dmgroup.com.ar\/index.php?rest_route=\/wp\/v2\/product"}],"about":[{"href":"https:\/\/online.dmgroup.com.ar\/index.php?rest_route=\/wp\/v2\/types\/product"}],"version-history":[{"count":0,"href":"https:\/\/online.dmgroup.com.ar\/index.php?rest_route=\/wp\/v2\/product\/3396\/revisions"}],"wp:featuredmedia":[{"embeddable":true,"href":"https:\/\/online.dmgroup.com.ar\/index.php?rest_route=\/wp\/v2\/media\/3395"}],"wp:attachment":[{"href":"https:\/\/online.dmgroup.com.ar\/index.php?rest_route=%2Fwp%2Fv2%2Fmedia&parent=3396"}],"wp:term":[{"taxonomy":"product_brand","embeddable":true,"href":"https:\/\/online.dmgroup.com.ar\/index.php?rest_route=%2Fwp%2Fv2%2Fproduct_brand&post=3396"},{"taxonomy":"product_cat","embeddable":true,"href":"https:\/\/online.dmgroup.com.ar\/index.php?rest_route=%2Fwp%2Fv2%2Fproduct_cat&post=3396"},{"taxonomy":"product_tag","embeddable":true,"href":"https:\/\/online.dmgroup.com.ar\/index.php?rest_route=%2Fwp%2Fv2%2Fproduct_tag&post=3396"}],"curies":[{"name":"wp","href":"https:\/\/api.w.org\/{rel}","templated":true}]}}