{"id":4560,"date":"2025-08-02T00:50:20","date_gmt":"2025-08-02T03:50:20","guid":{"rendered":"https:\/\/online.dmgroup.com.ar\/producto\/envasadora-al-vacio-vac310e-neovac\/"},"modified":"2026-02-05T11:54:24","modified_gmt":"2026-02-05T14:54:24","slug":"envasadora-al-vacio-vac310e-neovac","status":"publish","type":"product","link":"https:\/\/online.dmgroup.com.ar\/?product=envasadora-al-vacio-vac310e-neovac","title":{"rendered":"ENVASADORA AL VACIO VAC310E NEOVAC"},"content":{"rendered":"<p>ENVASADORA AL VAC\u00cdO VAC 310-E PARA USO USO PROFESIONAL Permite envasar al vac\u00edo bolsas, recipientes y botellas, y marinar alimentos. Sugerida hasta 60 sellados continuos. Especificaciones T\u00e9cnicas Voltaje: 220v-240v-50HZ Potencia: 250 W Presi\u00f3n de bomba: -0.958 bar (+-5%) Ancho m\u00e1ximo de sellado: 310 mm Sellado: 3mm Dimensiones: 400 x 320 x 138 mm Peso: 4 kg  https:&#8211;www.neovac.com.ar-ver_producto_neovac-11-Envasadoras_hogarenas_y_gastronomicas-13-Envasadora_al_Vac-o_VAC_310-E_para_uso_profesional-12<\/p>\n","protected":false},"excerpt":{"rendered":"<p>ENVASADORA AL VACIO VAC310E NEOVAC<\/p>\n","protected":false},"featured_media":4559,"template":"","meta":{"_acf_changed":false},"product_brand":[],"product_cat":[45],"product_tag":[],"class_list":{"0":"post-4560","1":"product","2":"type-product","3":"status-publish","4":"has-post-thumbnail","6":"product_cat-herramientas-comerciales","8":"first","9":"instock","10":"shipping-taxable","11":"product-type-simple"},"acf":[],"_links":{"self":[{"href":"https:\/\/online.dmgroup.com.ar\/index.php?rest_route=\/wp\/v2\/product\/4560","targetHints":{"allow":["GET"]}}],"collection":[{"href":"https:\/\/online.dmgroup.com.ar\/index.php?rest_route=\/wp\/v2\/product"}],"about":[{"href":"https:\/\/online.dmgroup.com.ar\/index.php?rest_route=\/wp\/v2\/types\/product"}],"version-history":[{"count":0,"href":"https:\/\/online.dmgroup.com.ar\/index.php?rest_route=\/wp\/v2\/product\/4560\/revisions"}],"wp:featuredmedia":[{"embeddable":true,"href":"https:\/\/online.dmgroup.com.ar\/index.php?rest_route=\/wp\/v2\/media\/4559"}],"wp:attachment":[{"href":"https:\/\/online.dmgroup.com.ar\/index.php?rest_route=%2Fwp%2Fv2%2Fmedia&parent=4560"}],"wp:term":[{"taxonomy":"product_brand","embeddable":true,"href":"https:\/\/online.dmgroup.com.ar\/index.php?rest_route=%2Fwp%2Fv2%2Fproduct_brand&post=4560"},{"taxonomy":"product_cat","embeddable":true,"href":"https:\/\/online.dmgroup.com.ar\/index.php?rest_route=%2Fwp%2Fv2%2Fproduct_cat&post=4560"},{"taxonomy":"product_tag","embeddable":true,"href":"https:\/\/online.dmgroup.com.ar\/index.php?rest_route=%2Fwp%2Fv2%2Fproduct_tag&post=4560"}],"curies":[{"name":"wp","href":"https:\/\/api.w.org\/{rel}","templated":true}]}}