{"id":579,"date":"2025-04-04T00:50:13","date_gmt":"2025-04-04T03:50:13","guid":{"rendered":"https:\/\/online.dmgroup.com.ar\/product\/alimentador-inteligente-para-mascotas-nha-p610-nexxt\/"},"modified":"2026-02-05T11:14:40","modified_gmt":"2026-02-05T14:14:40","slug":"alimentador-inteligente-para-mascotas-nha-p610-nexxt","status":"publish","type":"product","link":"https:\/\/online.dmgroup.com.ar\/?product=alimentador-inteligente-para-mascotas-nha-p610-nexxt","title":{"rendered":"ALIMENTADOR INTELIGENTE PARA MASCOTAS NHA-P610 NEXXT"},"content":{"rendered":"<p>capacidad para 1.69kg. Fabricado en pl\u00e1stico. Permite el control mediante un smartphone. Conexi\u00f3n wifi. Funci\u00f3n de grabaci\u00f3n de audio. Compatible con Android y iOS. Asistentes virtuales: Asistente de Google y Alexa. Recomendado para perros Todas, y gatos Todas. Lo mejor para la alimentaci\u00f3n de tu mascota.<\/p>\n","protected":false},"excerpt":{"rendered":"<p>ALIMENTADOR INTELIGENTE PARA MASCOTAS NHA-P610 NEXXT<\/p>\n","protected":false},"featured_media":578,"template":"","meta":{"_acf_changed":false},"product_brand":[],"product_cat":[46],"product_tag":[],"class_list":{"0":"post-579","1":"product","2":"type-product","3":"status-publish","4":"has-post-thumbnail","6":"product_cat-audio-y-tecnologia","8":"first","9":"instock","10":"shipping-taxable","11":"product-type-simple"},"acf":[],"_links":{"self":[{"href":"https:\/\/online.dmgroup.com.ar\/index.php?rest_route=\/wp\/v2\/product\/579","targetHints":{"allow":["GET"]}}],"collection":[{"href":"https:\/\/online.dmgroup.com.ar\/index.php?rest_route=\/wp\/v2\/product"}],"about":[{"href":"https:\/\/online.dmgroup.com.ar\/index.php?rest_route=\/wp\/v2\/types\/product"}],"version-history":[{"count":0,"href":"https:\/\/online.dmgroup.com.ar\/index.php?rest_route=\/wp\/v2\/product\/579\/revisions"}],"wp:featuredmedia":[{"embeddable":true,"href":"https:\/\/online.dmgroup.com.ar\/index.php?rest_route=\/wp\/v2\/media\/578"}],"wp:attachment":[{"href":"https:\/\/online.dmgroup.com.ar\/index.php?rest_route=%2Fwp%2Fv2%2Fmedia&parent=579"}],"wp:term":[{"taxonomy":"product_brand","embeddable":true,"href":"https:\/\/online.dmgroup.com.ar\/index.php?rest_route=%2Fwp%2Fv2%2Fproduct_brand&post=579"},{"taxonomy":"product_cat","embeddable":true,"href":"https:\/\/online.dmgroup.com.ar\/index.php?rest_route=%2Fwp%2Fv2%2Fproduct_cat&post=579"},{"taxonomy":"product_tag","embeddable":true,"href":"https:\/\/online.dmgroup.com.ar\/index.php?rest_route=%2Fwp%2Fv2%2Fproduct_tag&post=579"}],"curies":[{"name":"wp","href":"https:\/\/api.w.org\/{rel}","templated":true}]}}