{"id":58,"date":"2024-12-09T10:21:16","date_gmt":"2024-12-09T13:21:16","guid":{"rendered":"https:\/\/online.dmgroup.com.ar\/product\/acolchado-oro-liso-full-natural-casablanca\/"},"modified":"2026-02-05T11:10:28","modified_gmt":"2026-02-05T14:10:28","slug":"acolchado-oro-liso-full-natural-casablanca","status":"publish","type":"product","link":"https:\/\/online.dmgroup.com.ar\/?product=acolchado-oro-liso-full-natural-casablanca","title":{"rendered":"ACOLCHADO ORO LISO FULL NATURAL CASABLANCA"},"content":{"rendered":"<p>Acolchado Oro 2 1-2 plazas Liso Para colch\u00f3n de 140x190cm Medidas Aproximadas: 215x235cm. (Pueden variar cent\u00edmetros seg\u00fan la confecci\u00f3n) Para 2 1-2 plazas  No incluye fundas de almohada ni almohadones. <\/p>\n","protected":false},"excerpt":{"rendered":"<p>ACOLCHADO ORO LISO FULL NATURAL CASABLANCA<\/p>\n","protected":false},"featured_media":57,"template":"","meta":{"_acf_changed":false},"product_brand":[],"product_cat":[35],"product_tag":[],"class_list":{"0":"post-58","1":"product","2":"type-product","3":"status-publish","4":"has-post-thumbnail","6":"product_cat-blanqueria","8":"first","9":"instock","10":"shipping-taxable","11":"product-type-simple"},"acf":[],"_links":{"self":[{"href":"https:\/\/online.dmgroup.com.ar\/index.php?rest_route=\/wp\/v2\/product\/58","targetHints":{"allow":["GET"]}}],"collection":[{"href":"https:\/\/online.dmgroup.com.ar\/index.php?rest_route=\/wp\/v2\/product"}],"about":[{"href":"https:\/\/online.dmgroup.com.ar\/index.php?rest_route=\/wp\/v2\/types\/product"}],"version-history":[{"count":0,"href":"https:\/\/online.dmgroup.com.ar\/index.php?rest_route=\/wp\/v2\/product\/58\/revisions"}],"wp:featuredmedia":[{"embeddable":true,"href":"https:\/\/online.dmgroup.com.ar\/index.php?rest_route=\/wp\/v2\/media\/57"}],"wp:attachment":[{"href":"https:\/\/online.dmgroup.com.ar\/index.php?rest_route=%2Fwp%2Fv2%2Fmedia&parent=58"}],"wp:term":[{"taxonomy":"product_brand","embeddable":true,"href":"https:\/\/online.dmgroup.com.ar\/index.php?rest_route=%2Fwp%2Fv2%2Fproduct_brand&post=58"},{"taxonomy":"product_cat","embeddable":true,"href":"https:\/\/online.dmgroup.com.ar\/index.php?rest_route=%2Fwp%2Fv2%2Fproduct_cat&post=58"},{"taxonomy":"product_tag","embeddable":true,"href":"https:\/\/online.dmgroup.com.ar\/index.php?rest_route=%2Fwp%2Fv2%2Fproduct_tag&post=58"}],"curies":[{"name":"wp","href":"https:\/\/api.w.org\/{rel}","templated":true}]}}