{"id":627,"date":"2025-04-04T00:51:24","date_gmt":"2025-04-04T03:51:24","guid":{"rendered":"https:\/\/online.dmgroup.com.ar\/product\/anafe-electrico-doble-2500w-h-005s-ken-brown\/"},"modified":"2026-02-05T11:16:31","modified_gmt":"2026-02-05T14:16:31","slug":"anafe-electrico-doble-2500w-h-005s-ken-brown","status":"publish","type":"product","link":"https:\/\/online.dmgroup.com.ar\/?product=anafe-electrico-doble-2500w-h-005s-ken-brown","title":{"rendered":"ANAFE ELECTRICO DOBLE 2500W H-005S KEN BROWN"},"content":{"rendered":"<p>Anafe el\u00e9ctrico Ken Brown H-005S Anafe doble de acero inoxidable Potencia 2500 Watts Fusible t\u00e9rmico para m\u00e1xima protecci\u00f3n Elementos calentadores en acero forjado de larga duraci\u00f3n Apoyos antideslizantes Calentamiento r\u00e1pido Temperatura regulable por termostato para tibio o hervir Indicador de encendido Gabinete de f\u00e1cil limpieza<\/p>\n","protected":false},"excerpt":{"rendered":"<p>ANAFE ELECTRICO DOBLE 2500W H-005S KEN BROWN<\/p>\n","protected":false},"featured_media":626,"template":"","meta":{"_acf_changed":false},"product_brand":[],"product_cat":[39],"product_tag":[],"class_list":{"0":"post-627","1":"product","2":"type-product","3":"status-publish","4":"has-post-thumbnail","6":"product_cat-cocina-de-hogar","8":"first","9":"instock","10":"shipping-taxable","11":"product-type-simple"},"acf":[],"_links":{"self":[{"href":"https:\/\/online.dmgroup.com.ar\/index.php?rest_route=\/wp\/v2\/product\/627","targetHints":{"allow":["GET"]}}],"collection":[{"href":"https:\/\/online.dmgroup.com.ar\/index.php?rest_route=\/wp\/v2\/product"}],"about":[{"href":"https:\/\/online.dmgroup.com.ar\/index.php?rest_route=\/wp\/v2\/types\/product"}],"version-history":[{"count":0,"href":"https:\/\/online.dmgroup.com.ar\/index.php?rest_route=\/wp\/v2\/product\/627\/revisions"}],"wp:featuredmedia":[{"embeddable":true,"href":"https:\/\/online.dmgroup.com.ar\/index.php?rest_route=\/wp\/v2\/media\/626"}],"wp:attachment":[{"href":"https:\/\/online.dmgroup.com.ar\/index.php?rest_route=%2Fwp%2Fv2%2Fmedia&parent=627"}],"wp:term":[{"taxonomy":"product_brand","embeddable":true,"href":"https:\/\/online.dmgroup.com.ar\/index.php?rest_route=%2Fwp%2Fv2%2Fproduct_brand&post=627"},{"taxonomy":"product_cat","embeddable":true,"href":"https:\/\/online.dmgroup.com.ar\/index.php?rest_route=%2Fwp%2Fv2%2Fproduct_cat&post=627"},{"taxonomy":"product_tag","embeddable":true,"href":"https:\/\/online.dmgroup.com.ar\/index.php?rest_route=%2Fwp%2Fv2%2Fproduct_tag&post=627"}],"curies":[{"name":"wp","href":"https:\/\/api.w.org\/{rel}","templated":true}]}}