{"id":657,"date":"2025-04-05T00:51:12","date_gmt":"2025-04-05T03:51:12","guid":{"rendered":"https:\/\/online.dmgroup.com.ar\/product\/aspiradora-ciclonica-gld-36-goldstar\/"},"modified":"2026-02-05T11:17:35","modified_gmt":"2026-02-05T14:17:35","slug":"aspiradora-ciclonica-gld-36-goldstar","status":"publish","type":"product","link":"https:\/\/online.dmgroup.com.ar\/?product=aspiradora-ciclonica-gld-36-goldstar","title":{"rendered":"ASPIRADORA CICL\u00d3NICA GLD-36 GOLDSTAR"},"content":{"rendered":"<p>POTENCIA 1600 Watts Tecnolog\u00eda cicl\u00f3nica con filtro HEPA que pose\u00e9 una eficiencia de filtrado mayor al 90% desde part\u00edculas grandes hasta muy peque\u00f1as, como polen, ac\u00e1ros, polvo, etc. Capacidad 2,5 litros Tecnolog\u00eda cicl\u00f3nica Enrollacable autom\u00e1tico Manguera flexible con rotaci\u00f3n de 360\u00b0 Boquilla dual para rincones Cepillo para sof\u00e1, cepillo para pisos y alfombras Barral pl\u00e1stico de dos tramos<\/p>\n","protected":false},"excerpt":{"rendered":"<p>ASPIRADORA CICL\u00d3NICA GLD-36 GOLDSTAR<\/p>\n","protected":false},"featured_media":656,"template":"","meta":{"_acf_changed":false},"product_brand":[],"product_cat":[47],"product_tag":[],"class_list":{"0":"post-657","1":"product","2":"type-product","3":"status-publish","4":"has-post-thumbnail","6":"product_cat-lavado-y-limpieza","8":"first","9":"instock","10":"shipping-taxable","11":"product-type-simple"},"acf":[],"_links":{"self":[{"href":"https:\/\/online.dmgroup.com.ar\/index.php?rest_route=\/wp\/v2\/product\/657","targetHints":{"allow":["GET"]}}],"collection":[{"href":"https:\/\/online.dmgroup.com.ar\/index.php?rest_route=\/wp\/v2\/product"}],"about":[{"href":"https:\/\/online.dmgroup.com.ar\/index.php?rest_route=\/wp\/v2\/types\/product"}],"version-history":[{"count":0,"href":"https:\/\/online.dmgroup.com.ar\/index.php?rest_route=\/wp\/v2\/product\/657\/revisions"}],"wp:featuredmedia":[{"embeddable":true,"href":"https:\/\/online.dmgroup.com.ar\/index.php?rest_route=\/wp\/v2\/media\/656"}],"wp:attachment":[{"href":"https:\/\/online.dmgroup.com.ar\/index.php?rest_route=%2Fwp%2Fv2%2Fmedia&parent=657"}],"wp:term":[{"taxonomy":"product_brand","embeddable":true,"href":"https:\/\/online.dmgroup.com.ar\/index.php?rest_route=%2Fwp%2Fv2%2Fproduct_brand&post=657"},{"taxonomy":"product_cat","embeddable":true,"href":"https:\/\/online.dmgroup.com.ar\/index.php?rest_route=%2Fwp%2Fv2%2Fproduct_cat&post=657"},{"taxonomy":"product_tag","embeddable":true,"href":"https:\/\/online.dmgroup.com.ar\/index.php?rest_route=%2Fwp%2Fv2%2Fproduct_tag&post=657"}],"curies":[{"name":"wp","href":"https:\/\/api.w.org\/{rel}","templated":true}]}}