{"id":663,"date":"2025-04-05T00:51:22","date_gmt":"2025-04-05T03:51:22","guid":{"rendered":"https:\/\/online.dmgroup.com.ar\/product\/aspiradora-directcyclone-2000w-vs-mj20tar2-midea\/"},"modified":"2026-02-05T11:17:47","modified_gmt":"2026-02-05T14:17:47","slug":"aspiradora-directcyclone-2000w-vs-mj20tar2-midea","status":"publish","type":"product","link":"https:\/\/online.dmgroup.com.ar\/?product=aspiradora-directcyclone-2000w-vs-mj20tar2-midea","title":{"rendered":"ASPIRADORA DIRECTCYCLONE 2000W VS-MJ20TAR2 MIDEA"},"content":{"rendered":"<p>Potencia (W) 2000 Tipo Trineo AccesorioS Cepillo piso con cerdas ajustables , Cepillo boca fina ,Accesorio para tapicer\u00eda Material del tubo Met\u00e1lico Largo del cable (m) 5 Enrollacable autom\u00e1tico  Capacidad del recipiente (Lts) 2 Control de potencia Filtro HEPA<\/p>\n","protected":false},"excerpt":{"rendered":"<p>ASPIRADORA DIRECTCYCLONE 2000W VS-MJ20TAR2 MIDEA<\/p>\n","protected":false},"featured_media":662,"template":"","meta":{"_acf_changed":false},"product_brand":[],"product_cat":[47],"product_tag":[],"class_list":{"0":"post-663","1":"product","2":"type-product","3":"status-publish","4":"has-post-thumbnail","6":"product_cat-lavado-y-limpieza","8":"first","9":"instock","10":"shipping-taxable","11":"product-type-simple"},"acf":[],"_links":{"self":[{"href":"https:\/\/online.dmgroup.com.ar\/index.php?rest_route=\/wp\/v2\/product\/663","targetHints":{"allow":["GET"]}}],"collection":[{"href":"https:\/\/online.dmgroup.com.ar\/index.php?rest_route=\/wp\/v2\/product"}],"about":[{"href":"https:\/\/online.dmgroup.com.ar\/index.php?rest_route=\/wp\/v2\/types\/product"}],"version-history":[{"count":0,"href":"https:\/\/online.dmgroup.com.ar\/index.php?rest_route=\/wp\/v2\/product\/663\/revisions"}],"wp:featuredmedia":[{"embeddable":true,"href":"https:\/\/online.dmgroup.com.ar\/index.php?rest_route=\/wp\/v2\/media\/662"}],"wp:attachment":[{"href":"https:\/\/online.dmgroup.com.ar\/index.php?rest_route=%2Fwp%2Fv2%2Fmedia&parent=663"}],"wp:term":[{"taxonomy":"product_brand","embeddable":true,"href":"https:\/\/online.dmgroup.com.ar\/index.php?rest_route=%2Fwp%2Fv2%2Fproduct_brand&post=663"},{"taxonomy":"product_cat","embeddable":true,"href":"https:\/\/online.dmgroup.com.ar\/index.php?rest_route=%2Fwp%2Fv2%2Fproduct_cat&post=663"},{"taxonomy":"product_tag","embeddable":true,"href":"https:\/\/online.dmgroup.com.ar\/index.php?rest_route=%2Fwp%2Fv2%2Fproduct_tag&post=663"}],"curies":[{"name":"wp","href":"https:\/\/api.w.org\/{rel}","templated":true}]}}