{"id":675,"date":"2025-04-05T00:51:41","date_gmt":"2025-04-05T03:51:41","guid":{"rendered":"https:\/\/online.dmgroup.com.ar\/product\/auricular-bluetooth-c-mic-mickey-xth-d660mk-xtech\/"},"modified":"2026-02-05T11:18:15","modified_gmt":"2026-02-05T14:18:15","slug":"auricular-bluetooth-c-mic-mickey-xth-d660mk-xtech","status":"publish","type":"product","link":"https:\/\/online.dmgroup.com.ar\/?product=auricular-bluetooth-c-mic-mickey-xth-d660mk-xtech","title":{"rendered":"AURICULAR BLUETOOTH C\/MIC MICKEY XTH-D660MK XTECH"},"content":{"rendered":"<p>Audifonos inal\u00e1mbricos con micr\u00f3fono | Edici\u00f3n Mickey Mouse XTH-D660MK Conectividad: Inal\u00e1mbrica Factor de forma: Supraaural Color: Negro Aud\u00edfonos est\u00e9reo con micr\u00f3fono y tecnolog\u00eda inal\u00e1mbrica Transmite audio inal\u00e1mbricamente desde un tel\u00e9fono inteligente, tableta o computadora Bater\u00eda recargable integrada proporciona hasta 8 horas de reproducci\u00f3n Micr\u00f3fono integrado para conversar con familiares y amigos Diadema ajustable y almohadillas acolchadas para m\u00e1xima comodidad Entrada auxiliar para conectar los aud\u00edfonos a un dispositivo y continuar escuchando m\u00fasica Microparlantes de 40mm brindan sonido detallado y natural desde varias fuentes de audio Controles integrados para encendido, apagado, m\u00fasica y gesti\u00f3n de llamadas Las c\u00e1psulas se giran 90 grados para f\u00e1cil portabilidad Dise\u00f1o plegable para un transporte pr\u00e1ctico<\/p>\n","protected":false},"excerpt":{"rendered":"<p>AURICULAR BLUETOOTH C-MIC MICKEY XTH-D660MK XTECH<\/p>\n","protected":false},"featured_media":674,"template":"","meta":{"_acf_changed":false},"product_brand":[],"product_cat":[46],"product_tag":[],"class_list":{"0":"post-675","1":"product","2":"type-product","3":"status-publish","4":"has-post-thumbnail","6":"product_cat-audio-y-tecnologia","8":"first","9":"instock","10":"shipping-taxable","11":"product-type-simple"},"acf":[],"_links":{"self":[{"href":"https:\/\/online.dmgroup.com.ar\/index.php?rest_route=\/wp\/v2\/product\/675","targetHints":{"allow":["GET"]}}],"collection":[{"href":"https:\/\/online.dmgroup.com.ar\/index.php?rest_route=\/wp\/v2\/product"}],"about":[{"href":"https:\/\/online.dmgroup.com.ar\/index.php?rest_route=\/wp\/v2\/types\/product"}],"version-history":[{"count":0,"href":"https:\/\/online.dmgroup.com.ar\/index.php?rest_route=\/wp\/v2\/product\/675\/revisions"}],"wp:featuredmedia":[{"embeddable":true,"href":"https:\/\/online.dmgroup.com.ar\/index.php?rest_route=\/wp\/v2\/media\/674"}],"wp:attachment":[{"href":"https:\/\/online.dmgroup.com.ar\/index.php?rest_route=%2Fwp%2Fv2%2Fmedia&parent=675"}],"wp:term":[{"taxonomy":"product_brand","embeddable":true,"href":"https:\/\/online.dmgroup.com.ar\/index.php?rest_route=%2Fwp%2Fv2%2Fproduct_brand&post=675"},{"taxonomy":"product_cat","embeddable":true,"href":"https:\/\/online.dmgroup.com.ar\/index.php?rest_route=%2Fwp%2Fv2%2Fproduct_cat&post=675"},{"taxonomy":"product_tag","embeddable":true,"href":"https:\/\/online.dmgroup.com.ar\/index.php?rest_route=%2Fwp%2Fv2%2Fproduct_tag&post=675"}],"curies":[{"name":"wp","href":"https:\/\/api.w.org\/{rel}","templated":true}]}}