{"id":70,"date":"2024-12-09T10:21:42","date_gmt":"2024-12-09T13:21:42","guid":{"rendered":"https:\/\/online.dmgroup.com.ar\/product\/afeitadora-electrica-s1121-41-philips\/"},"modified":"2026-02-05T11:11:26","modified_gmt":"2026-02-05T14:11:26","slug":"afeitadora-electrica-s1121-41-philips","status":"publish","type":"product","link":"https:\/\/online.dmgroup.com.ar\/?product=afeitadora-electrica-s1121-41-philips","title":{"rendered":"AFEITADORA ELECTRICA S1121\/41 PHILIPS"},"content":{"rendered":"<p>La afeitadora philips aquatouch 1000 te ofrece una afeitada en seco o en h\u00famedo suave y refrescante gracias a las cuchillas comfortcut autoafilables. Color: Azul malib\u00fa Modelo: S1121-41 Origen: Indonesia Indicador de bateria: Si Indicador luminoso de carga completa: Si Tipo de alimentaci\u00f3n: Bater\u00eda recargable Voltaje universal autom\u00e1tico: Si Carga: 8 horas Duracion bateria (m): Hasta 40 minutos Adaptable curvas del cuello: Si Apto para uso bajo la ducha: Si Lavable: Si Corta patillas: No Cuchillas autoafilables: Si Define contornos: Si Flotaci\u00f3n de cabezales: Si Funcionamiento: Inalambrico Mango: Mango ergon\u00f3mico y f\u00e1cil manejo mango antideslizante de goma Material cuchillas: Acero inoxidable Sistema de afeitado: Comfortcut Cantidad de cabezales: 1 Incluye: Tapa protectora. <\/p>\n","protected":false},"excerpt":{"rendered":"<p>AFEITADORA ELECTRICA S1121-41 PHILIPS<\/p>\n","protected":false},"featured_media":69,"template":"","meta":{"_acf_changed":false},"product_brand":[],"product_cat":[52],"product_tag":[],"class_list":{"0":"post-70","1":"product","2":"type-product","3":"status-publish","4":"has-post-thumbnail","6":"product_cat-salud-belleza-fitness","8":"first","9":"instock","10":"shipping-taxable","11":"product-type-simple"},"acf":[],"_links":{"self":[{"href":"https:\/\/online.dmgroup.com.ar\/index.php?rest_route=\/wp\/v2\/product\/70","targetHints":{"allow":["GET"]}}],"collection":[{"href":"https:\/\/online.dmgroup.com.ar\/index.php?rest_route=\/wp\/v2\/product"}],"about":[{"href":"https:\/\/online.dmgroup.com.ar\/index.php?rest_route=\/wp\/v2\/types\/product"}],"version-history":[{"count":0,"href":"https:\/\/online.dmgroup.com.ar\/index.php?rest_route=\/wp\/v2\/product\/70\/revisions"}],"wp:featuredmedia":[{"embeddable":true,"href":"https:\/\/online.dmgroup.com.ar\/index.php?rest_route=\/wp\/v2\/media\/69"}],"wp:attachment":[{"href":"https:\/\/online.dmgroup.com.ar\/index.php?rest_route=%2Fwp%2Fv2%2Fmedia&parent=70"}],"wp:term":[{"taxonomy":"product_brand","embeddable":true,"href":"https:\/\/online.dmgroup.com.ar\/index.php?rest_route=%2Fwp%2Fv2%2Fproduct_brand&post=70"},{"taxonomy":"product_cat","embeddable":true,"href":"https:\/\/online.dmgroup.com.ar\/index.php?rest_route=%2Fwp%2Fv2%2Fproduct_cat&post=70"},{"taxonomy":"product_tag","embeddable":true,"href":"https:\/\/online.dmgroup.com.ar\/index.php?rest_route=%2Fwp%2Fv2%2Fproduct_tag&post=70"}],"curies":[{"name":"wp","href":"https:\/\/api.w.org\/{rel}","templated":true}]}}