{"id":753,"date":"2025-04-07T00:50:59","date_gmt":"2025-04-07T03:50:59","guid":{"rendered":"https:\/\/online.dmgroup.com.ar\/product\/balanza-bascula-komba-300-38470-systel\/"},"modified":"2026-02-05T11:20:13","modified_gmt":"2026-02-05T14:20:13","slug":"balanza-bascula-komba-300-38470-systel","status":"publish","type":"product","link":"https:\/\/online.dmgroup.com.ar\/?product=balanza-bascula-komba-300-38470-systel","title":{"rendered":"BALANZA BASCULA KOMBA 300 38470 SYSTEL"},"content":{"rendered":"<p>B\u00e1scula de plataforma electr\u00f3nica con m\u00e1stil. Modelo: KOMBA Tipo de soluci\u00f3n: industrial Cabezal basculante. Modelo SP, informa solo peso Informaci\u00f3n de detecci\u00f3n de errores. Plataforma de acero inoxidable de 570 x 450 mm Comunicaci\u00f3n Serie (Norma RS 232) para conexi\u00f3n a PC o impresor  Tara ingresable por peso Funci\u00f3n acumulaci\u00f3n de peso Teclado protegido con membrana impermeable Celda con protecci\u00f3n al sobrepeso Alimentaci\u00f3n 12 V mediante fuente de alimentaci\u00f3n externa (110 V &#8211; 220 V \u2013 50 Hz- 60 Hz) con certificaci\u00f3n de Seguridad El\u00e9ctrica. Capacidad m\u00ednima: 5 kg  Capacidad m\u00e1xima: 300 kg Resoluci\u00f3n m\u00ednima: 100 g Tara m\u00e1xima: -100 kg<\/p>\n","protected":false},"excerpt":{"rendered":"<p>BALANZA BASCULA KOMBA 300 38470 SYSTEL<\/p>\n","protected":false},"featured_media":752,"template":"","meta":{"_acf_changed":false},"product_brand":[],"product_cat":[32],"product_tag":[],"class_list":{"0":"post-753","1":"product","2":"type-product","3":"status-publish","4":"has-post-thumbnail","6":"product_cat-balanzas-impresores","8":"first","9":"instock","10":"shipping-taxable","11":"product-type-simple"},"acf":[],"_links":{"self":[{"href":"https:\/\/online.dmgroup.com.ar\/index.php?rest_route=\/wp\/v2\/product\/753","targetHints":{"allow":["GET"]}}],"collection":[{"href":"https:\/\/online.dmgroup.com.ar\/index.php?rest_route=\/wp\/v2\/product"}],"about":[{"href":"https:\/\/online.dmgroup.com.ar\/index.php?rest_route=\/wp\/v2\/types\/product"}],"version-history":[{"count":0,"href":"https:\/\/online.dmgroup.com.ar\/index.php?rest_route=\/wp\/v2\/product\/753\/revisions"}],"wp:featuredmedia":[{"embeddable":true,"href":"https:\/\/online.dmgroup.com.ar\/index.php?rest_route=\/wp\/v2\/media\/752"}],"wp:attachment":[{"href":"https:\/\/online.dmgroup.com.ar\/index.php?rest_route=%2Fwp%2Fv2%2Fmedia&parent=753"}],"wp:term":[{"taxonomy":"product_brand","embeddable":true,"href":"https:\/\/online.dmgroup.com.ar\/index.php?rest_route=%2Fwp%2Fv2%2Fproduct_brand&post=753"},{"taxonomy":"product_cat","embeddable":true,"href":"https:\/\/online.dmgroup.com.ar\/index.php?rest_route=%2Fwp%2Fv2%2Fproduct_cat&post=753"},{"taxonomy":"product_tag","embeddable":true,"href":"https:\/\/online.dmgroup.com.ar\/index.php?rest_route=%2Fwp%2Fv2%2Fproduct_tag&post=753"}],"curies":[{"name":"wp","href":"https:\/\/api.w.org\/{rel}","templated":true}]}}