{"id":755,"date":"2025-04-07T00:51:03","date_gmt":"2025-04-07T03:51:03","guid":{"rendered":"https:\/\/online.dmgroup.com.ar\/product\/balanza-bascula-nexa-300-38480-systel\/"},"modified":"2026-02-05T11:20:16","modified_gmt":"2026-02-05T14:20:16","slug":"balanza-bascula-nexa-300-38480-systel","status":"publish","type":"product","link":"https:\/\/online.dmgroup.com.ar\/?product=balanza-bascula-nexa-300-38480-systel","title":{"rendered":"BALANZA BASCULA NEXA 300 38480 SYSTEL"},"content":{"rendered":"<p>B\u00e1scula de plataforma electr\u00f3nica. Modelo: NEXA Tipo de soluci\u00f3n: industrial Modelo SP, informa solo peso Informaci\u00f3n de detecci\u00f3n de errores. Plataforma de acero inoxidable de 570 x 450 mm Comunicaci\u00f3n Serie (Norma RS 232) para conexi\u00f3n a PC o impresor  Se\u00f1alizaci\u00f3n de estabilidad, impresi\u00f3n, cero, tara y segunda funci\u00f3n. Tara ingresable por peso Funci\u00f3n acumulaci\u00f3n de peso Teclado protegido con membrana impermeable. Celda con protecci\u00f3n al sobrepeso Alimentaci\u00f3n 12 V mediante fuente de alimentaci\u00f3n externa (110 V &#8211; 220 V \u2013 50 Hz- 60 Hz) con certificaci\u00f3n de Seguridad El\u00e9ctrica.  <\/p>\n","protected":false},"excerpt":{"rendered":"<p>BALANZA BASCULA NEXA 300 38480 SYSTEL<\/p>\n","protected":false},"featured_media":754,"template":"","meta":{"_acf_changed":false},"product_brand":[],"product_cat":[32],"product_tag":[],"class_list":{"0":"post-755","1":"product","2":"type-product","3":"status-publish","4":"has-post-thumbnail","6":"product_cat-balanzas-impresores","8":"first","9":"instock","10":"shipping-taxable","11":"product-type-simple"},"acf":[],"_links":{"self":[{"href":"https:\/\/online.dmgroup.com.ar\/index.php?rest_route=\/wp\/v2\/product\/755","targetHints":{"allow":["GET"]}}],"collection":[{"href":"https:\/\/online.dmgroup.com.ar\/index.php?rest_route=\/wp\/v2\/product"}],"about":[{"href":"https:\/\/online.dmgroup.com.ar\/index.php?rest_route=\/wp\/v2\/types\/product"}],"version-history":[{"count":0,"href":"https:\/\/online.dmgroup.com.ar\/index.php?rest_route=\/wp\/v2\/product\/755\/revisions"}],"wp:featuredmedia":[{"embeddable":true,"href":"https:\/\/online.dmgroup.com.ar\/index.php?rest_route=\/wp\/v2\/media\/754"}],"wp:attachment":[{"href":"https:\/\/online.dmgroup.com.ar\/index.php?rest_route=%2Fwp%2Fv2%2Fmedia&parent=755"}],"wp:term":[{"taxonomy":"product_brand","embeddable":true,"href":"https:\/\/online.dmgroup.com.ar\/index.php?rest_route=%2Fwp%2Fv2%2Fproduct_brand&post=755"},{"taxonomy":"product_cat","embeddable":true,"href":"https:\/\/online.dmgroup.com.ar\/index.php?rest_route=%2Fwp%2Fv2%2Fproduct_cat&post=755"},{"taxonomy":"product_tag","embeddable":true,"href":"https:\/\/online.dmgroup.com.ar\/index.php?rest_route=%2Fwp%2Fv2%2Fproduct_tag&post=755"}],"curies":[{"name":"wp","href":"https:\/\/api.w.org\/{rel}","templated":true}]}}