{"id":757,"date":"2025-04-07T00:51:06","date_gmt":"2025-04-07T03:51:06","guid":{"rendered":"https:\/\/online.dmgroup.com.ar\/product\/balanza-bascula-pilon-300-38520-systel\/"},"modified":"2026-02-05T11:20:21","modified_gmt":"2026-02-05T14:20:21","slug":"balanza-bascula-pilon-300-38520-systel","status":"publish","type":"product","link":"https:\/\/online.dmgroup.com.ar\/?product=balanza-bascula-pilon-300-38520-systel","title":{"rendered":"BALANZA BASCULA PILON 300 38520 SYSTEL"},"content":{"rendered":"<p>B\u00e1scula de plataforma electr\u00f3nica. Modelo: PILON Tipo de soluci\u00f3n: industrial Modelo SP, informa solo peso Dimensiones generales: 255 x 310 x 160 mm Ante eventual corte de energ\u00eda, el equipo posee bater\u00eda para continuar funcionando. Doble visor indicador de peso de gran tama\u00f1o (frente y posterior) Comunicaci\u00f3n Serie (Norma RS 232) para conexi\u00f3n a PC o impresor  Funci\u00f3n cero y tara Funci\u00f3n acumulaci\u00f3n de peso Informaci\u00f3n de detecci\u00f3n de errores Alimentaci\u00f3n 12 mediante fuente de alimentaci\u00f3n externa (110 V &#8211; 220 V \u2013 50 Hz- 60 Hz) con certificaci\u00f3n de Seguridad El\u00e9ctrica. Gancho complementario incluido (Admite carga m\u00e1x. 300Kg).<\/p>\n","protected":false},"excerpt":{"rendered":"<p>BALANZA BASCULA PILON 300 38520 SYSTEL<\/p>\n","protected":false},"featured_media":756,"template":"","meta":{"_acf_changed":false},"product_brand":[],"product_cat":[32],"product_tag":[],"class_list":{"0":"post-757","1":"product","2":"type-product","3":"status-publish","4":"has-post-thumbnail","6":"product_cat-balanzas-impresores","8":"first","9":"instock","10":"shipping-taxable","11":"product-type-simple"},"acf":[],"_links":{"self":[{"href":"https:\/\/online.dmgroup.com.ar\/index.php?rest_route=\/wp\/v2\/product\/757","targetHints":{"allow":["GET"]}}],"collection":[{"href":"https:\/\/online.dmgroup.com.ar\/index.php?rest_route=\/wp\/v2\/product"}],"about":[{"href":"https:\/\/online.dmgroup.com.ar\/index.php?rest_route=\/wp\/v2\/types\/product"}],"version-history":[{"count":0,"href":"https:\/\/online.dmgroup.com.ar\/index.php?rest_route=\/wp\/v2\/product\/757\/revisions"}],"wp:featuredmedia":[{"embeddable":true,"href":"https:\/\/online.dmgroup.com.ar\/index.php?rest_route=\/wp\/v2\/media\/756"}],"wp:attachment":[{"href":"https:\/\/online.dmgroup.com.ar\/index.php?rest_route=%2Fwp%2Fv2%2Fmedia&parent=757"}],"wp:term":[{"taxonomy":"product_brand","embeddable":true,"href":"https:\/\/online.dmgroup.com.ar\/index.php?rest_route=%2Fwp%2Fv2%2Fproduct_brand&post=757"},{"taxonomy":"product_cat","embeddable":true,"href":"https:\/\/online.dmgroup.com.ar\/index.php?rest_route=%2Fwp%2Fv2%2Fproduct_cat&post=757"},{"taxonomy":"product_tag","embeddable":true,"href":"https:\/\/online.dmgroup.com.ar\/index.php?rest_route=%2Fwp%2Fv2%2Fproduct_tag&post=757"}],"curies":[{"name":"wp","href":"https:\/\/api.w.org\/{rel}","templated":true}]}}