{"id":759,"date":"2025-04-07T00:51:09","date_gmt":"2025-04-07T03:51:09","guid":{"rendered":"https:\/\/online.dmgroup.com.ar\/product\/balanza-clipse-30-38680-systel\/"},"modified":"2026-02-05T11:20:23","modified_gmt":"2026-02-05T14:20:23","slug":"balanza-clipse-30-38680-systel","status":"publish","type":"product","link":"https:\/\/online.dmgroup.com.ar\/?product=balanza-clipse-30-38680-systel","title":{"rendered":"BALANZA CLIPSE 30 38680 SYSTEL"},"content":{"rendered":"<p>Capacidad m\u00e1xima 31 kg Resoluci\u00f3n m\u00ednima 5 g de 0-15 kg Tara m\u00e1xima -9.9 kg Visor sectorizado para facilitar la lectura. Funci\u00f3n contadora para equipos con capacidad de 5 kg y 31 kg Bandeja de acero inoxidable con y sin aletas de 217 x 367 mm 200 c\u00f3digos con descripci\u00f3n y fecha de vencimiento para equipos con capacidad de 5 kg y 31 kg. Fecha de envasado y vencimiento en etiqueta (2) Fecha y hora en ticket , etiquetas y reportes para equipos con capacidad de 5 kg y 31 kg Datos guardados en memoria, protegidos ante cortes de energ\u00eda para equipos con capacidad de 5 kg y 31 kg. Ante eventual corte de energ\u00eda, los equipos con capacidad de 5 kg y 31 kg, poseen bater\u00eda para continuar funcionando. Acceso a modo de configuraci\u00f3n con clave personal para equipos con capacidad de 5 kg y 31 kg Indicador de nivel a la vista Acceso r\u00e1pido a bater\u00eda para equipos con capacidad de 5 kg y 31 kg Modelo homologado por Secretar\u00eda de Comercio Interior dependiente del Ministerio de Econom\u00eda y Finanzas P\u00fablicas. Fuente de alimentaci\u00f3n externa con certificaci\u00f3n de Seguridad El\u00e9ctrica Dimensiones generales: 380 x 387 x 130 mm Comunicaci\u00f3n para conexi\u00f3n a PC o impresor para equipos con  capacidad de 5 kg. y 31 kg. Modelos PPI, informa Peso, Precio e Importe. Programable por teclado para equipos con  capacidad de 5 kg. y 31 kg. Reportes totales por c\u00f3digo para equipos con  capacidad de 5 kg. y 31 kg. Tara ingresable por peso. C\u00f3mputo de pago y vuelto. Suma de art\u00edculos pesables y no pesables. Consulta permanente de totales por ventas. Total diario de ventas acumuladas. Detecci\u00f3n de errores Informaci\u00f3n de carga de bater\u00eda para equipos con  capacidad de 5 kg y 31 kg. Alimentaci\u00f3n 12 voltios<\/p>\n","protected":false},"excerpt":{"rendered":"<p>BALANZA CLIPSE 30 38680 SYSTEL<\/p>\n","protected":false},"featured_media":758,"template":"","meta":{"_acf_changed":false},"product_brand":[],"product_cat":[32],"product_tag":[],"class_list":{"0":"post-759","1":"product","2":"type-product","3":"status-publish","4":"has-post-thumbnail","6":"product_cat-balanzas-impresores","8":"first","9":"instock","10":"shipping-taxable","11":"product-type-simple"},"acf":[],"_links":{"self":[{"href":"https:\/\/online.dmgroup.com.ar\/index.php?rest_route=\/wp\/v2\/product\/759","targetHints":{"allow":["GET"]}}],"collection":[{"href":"https:\/\/online.dmgroup.com.ar\/index.php?rest_route=\/wp\/v2\/product"}],"about":[{"href":"https:\/\/online.dmgroup.com.ar\/index.php?rest_route=\/wp\/v2\/types\/product"}],"version-history":[{"count":0,"href":"https:\/\/online.dmgroup.com.ar\/index.php?rest_route=\/wp\/v2\/product\/759\/revisions"}],"wp:featuredmedia":[{"embeddable":true,"href":"https:\/\/online.dmgroup.com.ar\/index.php?rest_route=\/wp\/v2\/media\/758"}],"wp:attachment":[{"href":"https:\/\/online.dmgroup.com.ar\/index.php?rest_route=%2Fwp%2Fv2%2Fmedia&parent=759"}],"wp:term":[{"taxonomy":"product_brand","embeddable":true,"href":"https:\/\/online.dmgroup.com.ar\/index.php?rest_route=%2Fwp%2Fv2%2Fproduct_brand&post=759"},{"taxonomy":"product_cat","embeddable":true,"href":"https:\/\/online.dmgroup.com.ar\/index.php?rest_route=%2Fwp%2Fv2%2Fproduct_cat&post=759"},{"taxonomy":"product_tag","embeddable":true,"href":"https:\/\/online.dmgroup.com.ar\/index.php?rest_route=%2Fwp%2Fv2%2Fproduct_tag&post=759"}],"curies":[{"name":"wp","href":"https:\/\/api.w.org\/{rel}","templated":true}]}}