{"id":761,"date":"2025-04-07T00:51:11","date_gmt":"2025-04-07T03:51:11","guid":{"rendered":"https:\/\/online.dmgroup.com.ar\/product\/balanza-croma-30-38980-systel\/"},"modified":"2026-02-11T00:50:14","modified_gmt":"2026-02-11T03:50:14","slug":"balanza-croma-30-38980-systel","status":"publish","type":"product","link":"https:\/\/online.dmgroup.com.ar\/?product=balanza-croma-30-38980-systel","title":{"rendered":"BALANZA CROMA 30 38980 SYSTEL"},"content":{"rendered":"<p>Capacidad m\u00e1xima 31 kg Resoluci\u00f3n m\u00ednima 5 g de 0-15 kg 10 g de 15 -31 kg Tara m\u00e1xima -10 kg Visor sectorizado para facilitar la lectura. Visor cliente en m\u00e1stil elevado de dise\u00f1o est\u00e9tico y de alta resistencia. Bandeja de acero inoxidable con y sin aletas de 217 x 367 mm. Visor cliente en m\u00e1stil elevado de dise\u00f1o est\u00e9tico y de alta resistencia. Indicador de nivel a la vista. Modelo homologado por Secretar\u00eda de Comercio Interior dependiente del Ministerio de Econom\u00eda y Finanzas P\u00fablica. 200 c\u00f3digos (PLU) con descripci\u00f3n y fecha de vencimiento. Fecha de envasado y vencimiento en etiqueta. Datos guardados en memoria, protegidos ante cortes de energ\u00eda. Posee bater\u00eda ante corte de energ\u00eda. Acceso a modo de configuraci\u00f3n con clave personal. Acceso r\u00e1pido a bater\u00eda. Comunicaci\u00f3n para conexi\u00f3n a PC o impresor (2). Modelos PPI, informa Peso, Precio e Importe. Programable por teclado (2) Reportes totales por c\u00f3digo (2) Tara ingresable por peso. C\u00f3mputo de pago y vuelto. Suma de art\u00edculos pesables y no pesables. Consulta permanente de totales por ventas. Total diario de ventas acumuladas. Detecci\u00f3n de errores Informaci\u00f3n de carga de bater\u00eda (2) Alimentaci\u00f3n 12 voltios<\/p>\n","protected":false},"excerpt":{"rendered":"<p>BALANZA CROMA 30 38980 SYSTEL<\/p>\n","protected":false},"featured_media":760,"template":"","meta":{"_acf_changed":false},"product_brand":[],"product_cat":[32],"product_tag":[],"class_list":{"0":"post-761","1":"product","2":"type-product","3":"status-publish","4":"has-post-thumbnail","6":"product_cat-balanzas-impresores","8":"first","9":"instock","10":"shipping-taxable","11":"product-type-simple"},"acf":[],"_links":{"self":[{"href":"https:\/\/online.dmgroup.com.ar\/index.php?rest_route=\/wp\/v2\/product\/761","targetHints":{"allow":["GET"]}}],"collection":[{"href":"https:\/\/online.dmgroup.com.ar\/index.php?rest_route=\/wp\/v2\/product"}],"about":[{"href":"https:\/\/online.dmgroup.com.ar\/index.php?rest_route=\/wp\/v2\/types\/product"}],"version-history":[{"count":0,"href":"https:\/\/online.dmgroup.com.ar\/index.php?rest_route=\/wp\/v2\/product\/761\/revisions"}],"wp:featuredmedia":[{"embeddable":true,"href":"https:\/\/online.dmgroup.com.ar\/index.php?rest_route=\/wp\/v2\/media\/760"}],"wp:attachment":[{"href":"https:\/\/online.dmgroup.com.ar\/index.php?rest_route=%2Fwp%2Fv2%2Fmedia&parent=761"}],"wp:term":[{"taxonomy":"product_brand","embeddable":true,"href":"https:\/\/online.dmgroup.com.ar\/index.php?rest_route=%2Fwp%2Fv2%2Fproduct_brand&post=761"},{"taxonomy":"product_cat","embeddable":true,"href":"https:\/\/online.dmgroup.com.ar\/index.php?rest_route=%2Fwp%2Fv2%2Fproduct_cat&post=761"},{"taxonomy":"product_tag","embeddable":true,"href":"https:\/\/online.dmgroup.com.ar\/index.php?rest_route=%2Fwp%2Fv2%2Fproduct_tag&post=761"}],"curies":[{"name":"wp","href":"https:\/\/api.w.org\/{rel}","templated":true}]}}