{"id":763,"date":"2025-04-07T00:51:14","date_gmt":"2025-04-07T03:51:14","guid":{"rendered":"https:\/\/online.dmgroup.com.ar\/product\/balanza-cuora-max-30-c-mastil-38230-systel\/"},"modified":"2026-02-05T11:20:29","modified_gmt":"2026-02-05T14:20:29","slug":"balanza-cuora-max-30-c-mastil-38230-systel","status":"publish","type":"product","link":"https:\/\/online.dmgroup.com.ar\/?product=balanza-cuora-max-30-c-mastil-38230-systel","title":{"rendered":"BALANZA CUORA MAX 30 C\/MASTIL 38230 SYSTEL"},"content":{"rendered":"<p>Capacidad m\u00e1xima 30 kg Resoluci\u00f3n m\u00ednima 5 g de 0-15 kg &#8211; 10 g de 15 -30 kg Tara m\u00e1xima -10 kg Con Bateria incorporada 21 usuarios 8000 PLUs Conectividad: USB, Ethernet y Wifi Pensada para comercializar productos pesables, de venta unitaria, escurridos y congelados. Soporta tabla nutricional, ingredientes, datos de conservaci\u00f3n y de origen. Panel de mando de alta resistencia a ralladuras y golpes Display retroiluminado. Bandeja de acero inoxidable. Memorias protegidas ante corte de energ\u00eda Impresor incorporado de ticket y etiquetas autoadhesivas Reconocimiento autom\u00e1tico de tipo de papel Etiquetas autoadhesivas configurables Sistemas de impresi\u00f3n protegido ante l\u00edquidos Papel continuo y etiquetas autoadhesivas hasta 64 mm de ancho Etiquetas autoadhesivas hasta 120 mm de largo. Modelo homologado por el Ministerio de Producci\u00f3n Ayuda y gu\u00edas de operaci\u00f3n en pantalla. Men\u00fa interactivos. Tabla nutricional en etiquetas Teclado con visor: 60 accesos r\u00e1pidos Teclado expandido: 180 accesos r\u00e1pidos Funci\u00f3n pre empaque Funciones cero y tara<\/p>\n","protected":false},"excerpt":{"rendered":"<p>BALANZA CUORA MAX 30 C-MASTIL 38230 SYSTEL<\/p>\n","protected":false},"featured_media":762,"template":"","meta":{"_acf_changed":false},"product_brand":[],"product_cat":[32],"product_tag":[],"class_list":{"0":"post-763","1":"product","2":"type-product","3":"status-publish","4":"has-post-thumbnail","6":"product_cat-balanzas-impresores","8":"first","9":"instock","10":"shipping-taxable","11":"product-type-simple"},"acf":[],"_links":{"self":[{"href":"https:\/\/online.dmgroup.com.ar\/index.php?rest_route=\/wp\/v2\/product\/763","targetHints":{"allow":["GET"]}}],"collection":[{"href":"https:\/\/online.dmgroup.com.ar\/index.php?rest_route=\/wp\/v2\/product"}],"about":[{"href":"https:\/\/online.dmgroup.com.ar\/index.php?rest_route=\/wp\/v2\/types\/product"}],"version-history":[{"count":0,"href":"https:\/\/online.dmgroup.com.ar\/index.php?rest_route=\/wp\/v2\/product\/763\/revisions"}],"wp:featuredmedia":[{"embeddable":true,"href":"https:\/\/online.dmgroup.com.ar\/index.php?rest_route=\/wp\/v2\/media\/762"}],"wp:attachment":[{"href":"https:\/\/online.dmgroup.com.ar\/index.php?rest_route=%2Fwp%2Fv2%2Fmedia&parent=763"}],"wp:term":[{"taxonomy":"product_brand","embeddable":true,"href":"https:\/\/online.dmgroup.com.ar\/index.php?rest_route=%2Fwp%2Fv2%2Fproduct_brand&post=763"},{"taxonomy":"product_cat","embeddable":true,"href":"https:\/\/online.dmgroup.com.ar\/index.php?rest_route=%2Fwp%2Fv2%2Fproduct_cat&post=763"},{"taxonomy":"product_tag","embeddable":true,"href":"https:\/\/online.dmgroup.com.ar\/index.php?rest_route=%2Fwp%2Fv2%2Fproduct_tag&post=763"}],"curies":[{"name":"wp","href":"https:\/\/api.w.org\/{rel}","templated":true}]}}