{"id":765,"date":"2025-04-07T00:51:17","date_gmt":"2025-04-07T03:51:17","guid":{"rendered":"https:\/\/online.dmgroup.com.ar\/product\/balanza-cuora-max-30-st-c-mastil-37130-systel\/"},"modified":"2026-02-05T11:20:32","modified_gmt":"2026-02-05T14:20:32","slug":"balanza-cuora-max-30-st-c-mastil-37130-systel","status":"publish","type":"product","link":"https:\/\/online.dmgroup.com.ar\/?product=balanza-cuora-max-30-st-c-mastil-37130-systel","title":{"rendered":"BALANZA CUORA MAX 30 ST C\/MASTIL 37130 SYSTEL"},"content":{"rendered":"<p>Capacidad m\u00e1xima 30 kg Resoluci\u00f3n m\u00ednima 5 g de 0-15 kg 10 g de 15 -30 kg Tara m\u00e1xima -10 kg F\u00e1cil de usar Pantalla LCD Conectividad USB. Incluye  1 bandeja de acero inoxidable Software de gesti\u00f3n QENDRA. Impresor incorporado de ticket Papel continuo t\u00e9rmico de 57 mm. Sistema de impresi\u00f3n protegido contra l\u00edquidos. Modelo homologado por el Ministerio de Producci\u00f3n Ayuda y gu\u00edas de operaci\u00f3n en pantalla. Men\u00fa interactivos. Modelos PPID, informa Peso, Precio, Importe y Descripci\u00f3n (impresi\u00f3n). Informaci\u00f3n completa asociada a cada PLU. F\u00e1cil actualizaci\u00f3n de datos. Alta inmunidad a interferencias.<\/p>\n","protected":false},"excerpt":{"rendered":"<p>BALANZA CUORA MAX 30 ST C-MASTIL 37130 SYSTEL<\/p>\n","protected":false},"featured_media":764,"template":"","meta":{"_acf_changed":false},"product_brand":[],"product_cat":[32],"product_tag":[],"class_list":{"0":"post-765","1":"product","2":"type-product","3":"status-publish","4":"has-post-thumbnail","6":"product_cat-balanzas-impresores","8":"first","9":"instock","10":"shipping-taxable","11":"product-type-simple"},"acf":[],"_links":{"self":[{"href":"https:\/\/online.dmgroup.com.ar\/index.php?rest_route=\/wp\/v2\/product\/765","targetHints":{"allow":["GET"]}}],"collection":[{"href":"https:\/\/online.dmgroup.com.ar\/index.php?rest_route=\/wp\/v2\/product"}],"about":[{"href":"https:\/\/online.dmgroup.com.ar\/index.php?rest_route=\/wp\/v2\/types\/product"}],"version-history":[{"count":0,"href":"https:\/\/online.dmgroup.com.ar\/index.php?rest_route=\/wp\/v2\/product\/765\/revisions"}],"wp:featuredmedia":[{"embeddable":true,"href":"https:\/\/online.dmgroup.com.ar\/index.php?rest_route=\/wp\/v2\/media\/764"}],"wp:attachment":[{"href":"https:\/\/online.dmgroup.com.ar\/index.php?rest_route=%2Fwp%2Fv2%2Fmedia&parent=765"}],"wp:term":[{"taxonomy":"product_brand","embeddable":true,"href":"https:\/\/online.dmgroup.com.ar\/index.php?rest_route=%2Fwp%2Fv2%2Fproduct_brand&post=765"},{"taxonomy":"product_cat","embeddable":true,"href":"https:\/\/online.dmgroup.com.ar\/index.php?rest_route=%2Fwp%2Fv2%2Fproduct_cat&post=765"},{"taxonomy":"product_tag","embeddable":true,"href":"https:\/\/online.dmgroup.com.ar\/index.php?rest_route=%2Fwp%2Fv2%2Fproduct_tag&post=765"}],"curies":[{"name":"wp","href":"https:\/\/api.w.org\/{rel}","templated":true}]}}