{"id":777,"date":"2025-04-07T00:51:34","date_gmt":"2025-04-07T03:51:34","guid":{"rendered":"https:\/\/online.dmgroup.com.ar\/product\/balanza-digital-15kg-bluetooth-delta-eco-2-bt-kretz\/"},"modified":"2026-02-05T11:20:50","modified_gmt":"2026-02-05T14:20:50","slug":"balanza-digital-15kg-bluetooth-delta-eco-2-bt-kretz","status":"publish","type":"product","link":"https:\/\/online.dmgroup.com.ar\/?product=balanza-digital-15kg-bluetooth-delta-eco-2-bt-kretz","title":{"rendered":"BALANZA DIGITAL 15KG BLUETOOTH DELTA ECO 2 BT KRETZ"},"content":{"rendered":"<p>Multirango: (0 a 6kg x 2g) y (6 a 15kg x 5g) Teclado alfanum\u00e9rico: permite dar nombre a los PLU en su configuraci\u00f3n. Funci\u00f3n Contadora. Verificadora. Pre-empaque. Calculo de vuelto. Calculo de vuelto. 450 PLU para productos \u2013 precios. Compatible con impresor de etiquet<\/p>\n","protected":false},"excerpt":{"rendered":"<p>BALANZA DIGITAL 15KG BLUETOOTH DELTA ECO 2 BT KRETZ<\/p>\n","protected":false},"featured_media":776,"template":"","meta":{"_acf_changed":false},"product_brand":[],"product_cat":[32],"product_tag":[],"class_list":{"0":"post-777","1":"product","2":"type-product","3":"status-publish","4":"has-post-thumbnail","6":"product_cat-balanzas-impresores","8":"first","9":"instock","10":"shipping-taxable","11":"product-type-simple"},"acf":[],"_links":{"self":[{"href":"https:\/\/online.dmgroup.com.ar\/index.php?rest_route=\/wp\/v2\/product\/777","targetHints":{"allow":["GET"]}}],"collection":[{"href":"https:\/\/online.dmgroup.com.ar\/index.php?rest_route=\/wp\/v2\/product"}],"about":[{"href":"https:\/\/online.dmgroup.com.ar\/index.php?rest_route=\/wp\/v2\/types\/product"}],"version-history":[{"count":0,"href":"https:\/\/online.dmgroup.com.ar\/index.php?rest_route=\/wp\/v2\/product\/777\/revisions"}],"wp:featuredmedia":[{"embeddable":true,"href":"https:\/\/online.dmgroup.com.ar\/index.php?rest_route=\/wp\/v2\/media\/776"}],"wp:attachment":[{"href":"https:\/\/online.dmgroup.com.ar\/index.php?rest_route=%2Fwp%2Fv2%2Fmedia&parent=777"}],"wp:term":[{"taxonomy":"product_brand","embeddable":true,"href":"https:\/\/online.dmgroup.com.ar\/index.php?rest_route=%2Fwp%2Fv2%2Fproduct_brand&post=777"},{"taxonomy":"product_cat","embeddable":true,"href":"https:\/\/online.dmgroup.com.ar\/index.php?rest_route=%2Fwp%2Fv2%2Fproduct_cat&post=777"},{"taxonomy":"product_tag","embeddable":true,"href":"https:\/\/online.dmgroup.com.ar\/index.php?rest_route=%2Fwp%2Fv2%2Fproduct_tag&post=777"}],"curies":[{"name":"wp","href":"https:\/\/api.w.org\/{rel}","templated":true}]}}