{"id":781,"date":"2025-04-08T00:50:14","date_gmt":"2025-04-08T03:50:14","guid":{"rendered":"https:\/\/online.dmgroup.com.ar\/product\/balanza-digital-30kg-bluetooth-novel-eco-2-kretz\/"},"modified":"2026-02-05T11:20:56","modified_gmt":"2026-02-05T14:20:56","slug":"balanza-digital-30kg-bluetooth-novel-eco-2-kretz","status":"publish","type":"product","link":"https:\/\/online.dmgroup.com.ar\/?product=balanza-digital-30kg-bluetooth-novel-eco-2-kretz","title":{"rendered":"BALANZA DIGITAL 30KG BLUETOOTH NOVEL ECO 2 KRETZ"},"content":{"rendered":"<p>CAPACIDAD: Multirango: (0 a 15kg x 5g) y (15 a 30kg x 10g) CARACTER\u00cdSTICAS: Teclado alfanum\u00e9rico: permite dar nombre a los PLU en su configuraci\u00f3n Funciones: Contadora, Verificadora, Pre-empaque Calculo de vuelto Dos visores LCD retro-iluminados, ideales para uso al intemperie 450 PLU para productos \u2013 precios Compatible con impresor de etiquetas Kretz PIC La comunicaci\u00f3n bluetooth de los modelos PPI de Kretz como la balanza Aura, Novel ECO2 y Delta ECO2, permite la gesti\u00f3n de toda la informaci\u00f3n que se puede guardar en estas balanzas. Las funciones que pueden controlarse mediante la aplicaci\u00f3n iTegra Mobile son: \u2022 ABM de PLU\u2019s \u2022 Consulta de PLU\u2019s \u2022 Configuraciones varias de la balanza \u2022 Totales de ventas La aplicaci\u00f3n iTegra Mobile est\u00e1 disponible de manera gratuita en Google Play Store. <\/p>\n","protected":false},"excerpt":{"rendered":"<p>BALANZA DIGITAL 30KG BLUETOOTH NOVEL ECO 2 KRETZ<\/p>\n","protected":false},"featured_media":780,"template":"","meta":{"_acf_changed":false},"product_brand":[],"product_cat":[32],"product_tag":[],"class_list":{"0":"post-781","1":"product","2":"type-product","3":"status-publish","4":"has-post-thumbnail","6":"product_cat-balanzas-impresores","8":"first","9":"instock","10":"shipping-taxable","11":"product-type-simple"},"acf":[],"_links":{"self":[{"href":"https:\/\/online.dmgroup.com.ar\/index.php?rest_route=\/wp\/v2\/product\/781","targetHints":{"allow":["GET"]}}],"collection":[{"href":"https:\/\/online.dmgroup.com.ar\/index.php?rest_route=\/wp\/v2\/product"}],"about":[{"href":"https:\/\/online.dmgroup.com.ar\/index.php?rest_route=\/wp\/v2\/types\/product"}],"version-history":[{"count":0,"href":"https:\/\/online.dmgroup.com.ar\/index.php?rest_route=\/wp\/v2\/product\/781\/revisions"}],"wp:featuredmedia":[{"embeddable":true,"href":"https:\/\/online.dmgroup.com.ar\/index.php?rest_route=\/wp\/v2\/media\/780"}],"wp:attachment":[{"href":"https:\/\/online.dmgroup.com.ar\/index.php?rest_route=%2Fwp%2Fv2%2Fmedia&parent=781"}],"wp:term":[{"taxonomy":"product_brand","embeddable":true,"href":"https:\/\/online.dmgroup.com.ar\/index.php?rest_route=%2Fwp%2Fv2%2Fproduct_brand&post=781"},{"taxonomy":"product_cat","embeddable":true,"href":"https:\/\/online.dmgroup.com.ar\/index.php?rest_route=%2Fwp%2Fv2%2Fproduct_cat&post=781"},{"taxonomy":"product_tag","embeddable":true,"href":"https:\/\/online.dmgroup.com.ar\/index.php?rest_route=%2Fwp%2Fv2%2Fproduct_tag&post=781"}],"curies":[{"name":"wp","href":"https:\/\/api.w.org\/{rel}","templated":true}]}}