{"id":783,"date":"2025-04-08T00:50:19","date_gmt":"2025-04-08T03:50:19","guid":{"rendered":"https:\/\/online.dmgroup.com.ar\/product\/balanza-digital-30kg-lura-kretz\/"},"modified":"2026-02-05T11:20:59","modified_gmt":"2026-02-05T14:20:59","slug":"balanza-digital-30kg-lura-kretz","status":"publish","type":"product","link":"https:\/\/online.dmgroup.com.ar\/?product=balanza-digital-30kg-lura-kretz","title":{"rendered":"BALANZA DIGITAL 30KG LURA KRETZ"},"content":{"rendered":"<p>Balanza electr\u00f3nica Lura &#8211; LUR EB30B Caracter\u00edsticas:  Capacidad m\u00e1xima de 30kg con divisi\u00f3n de 10g.  C\u00e1lculo de importe de venta. Visores LCD  retro-iluminados.  7 memorias para precio directo.  Tensi\u00f3n de 220VAC Bater\u00eda con autonom\u00eda de 100hs (dependiendo el uso).     <\/p>\n","protected":false},"excerpt":{"rendered":"<p>BALANZA DIGITAL 30KG LURA KRETZ<\/p>\n","protected":false},"featured_media":782,"template":"","meta":{"_acf_changed":false},"product_brand":[],"product_cat":[32],"product_tag":[],"class_list":{"0":"post-783","1":"product","2":"type-product","3":"status-publish","4":"has-post-thumbnail","6":"product_cat-balanzas-impresores","8":"first","9":"instock","10":"shipping-taxable","11":"product-type-simple"},"acf":[],"_links":{"self":[{"href":"https:\/\/online.dmgroup.com.ar\/index.php?rest_route=\/wp\/v2\/product\/783","targetHints":{"allow":["GET"]}}],"collection":[{"href":"https:\/\/online.dmgroup.com.ar\/index.php?rest_route=\/wp\/v2\/product"}],"about":[{"href":"https:\/\/online.dmgroup.com.ar\/index.php?rest_route=\/wp\/v2\/types\/product"}],"version-history":[{"count":0,"href":"https:\/\/online.dmgroup.com.ar\/index.php?rest_route=\/wp\/v2\/product\/783\/revisions"}],"wp:featuredmedia":[{"embeddable":true,"href":"https:\/\/online.dmgroup.com.ar\/index.php?rest_route=\/wp\/v2\/media\/782"}],"wp:attachment":[{"href":"https:\/\/online.dmgroup.com.ar\/index.php?rest_route=%2Fwp%2Fv2%2Fmedia&parent=783"}],"wp:term":[{"taxonomy":"product_brand","embeddable":true,"href":"https:\/\/online.dmgroup.com.ar\/index.php?rest_route=%2Fwp%2Fv2%2Fproduct_brand&post=783"},{"taxonomy":"product_cat","embeddable":true,"href":"https:\/\/online.dmgroup.com.ar\/index.php?rest_route=%2Fwp%2Fv2%2Fproduct_cat&post=783"},{"taxonomy":"product_tag","embeddable":true,"href":"https:\/\/online.dmgroup.com.ar\/index.php?rest_route=%2Fwp%2Fv2%2Fproduct_tag&post=783"}],"curies":[{"name":"wp","href":"https:\/\/api.w.org\/{rel}","templated":true}]}}