{"id":789,"date":"2025-04-08T00:50:29","date_gmt":"2025-04-08T03:50:29","guid":{"rendered":"https:\/\/online.dmgroup.com.ar\/product\/balanza-digital-de-cocina-bc-200-aspen\/"},"modified":"2026-02-05T11:21:12","modified_gmt":"2026-02-05T14:21:12","slug":"balanza-digital-de-cocina-bc-200-aspen","status":"publish","type":"product","link":"https:\/\/online.dmgroup.com.ar\/?product=balanza-digital-de-cocina-bc-200-aspen","title":{"rendered":"BALANZA DIGITAL DE COCINA BC-200 ASPEN"},"content":{"rendered":"<p>Plataforma de vidrio templado negro. Capacidad m\u00e1xima de peso 3kg. Pantalla LCD. Bot\u00f3n t\u00e1ctil . Bater\u00eda incluida.<\/p>\n","protected":false},"excerpt":{"rendered":"<p>BALANZA DIGITAL DE COCINA BC-200 ASPEN<\/p>\n","protected":false},"featured_media":788,"template":"","meta":{"_acf_changed":false},"product_brand":[],"product_cat":[52],"product_tag":[],"class_list":{"0":"post-789","1":"product","2":"type-product","3":"status-publish","4":"has-post-thumbnail","6":"product_cat-salud-belleza-fitness","8":"first","9":"instock","10":"shipping-taxable","11":"product-type-simple"},"acf":[],"_links":{"self":[{"href":"https:\/\/online.dmgroup.com.ar\/index.php?rest_route=\/wp\/v2\/product\/789","targetHints":{"allow":["GET"]}}],"collection":[{"href":"https:\/\/online.dmgroup.com.ar\/index.php?rest_route=\/wp\/v2\/product"}],"about":[{"href":"https:\/\/online.dmgroup.com.ar\/index.php?rest_route=\/wp\/v2\/types\/product"}],"version-history":[{"count":0,"href":"https:\/\/online.dmgroup.com.ar\/index.php?rest_route=\/wp\/v2\/product\/789\/revisions"}],"wp:featuredmedia":[{"embeddable":true,"href":"https:\/\/online.dmgroup.com.ar\/index.php?rest_route=\/wp\/v2\/media\/788"}],"wp:attachment":[{"href":"https:\/\/online.dmgroup.com.ar\/index.php?rest_route=%2Fwp%2Fv2%2Fmedia&parent=789"}],"wp:term":[{"taxonomy":"product_brand","embeddable":true,"href":"https:\/\/online.dmgroup.com.ar\/index.php?rest_route=%2Fwp%2Fv2%2Fproduct_brand&post=789"},{"taxonomy":"product_cat","embeddable":true,"href":"https:\/\/online.dmgroup.com.ar\/index.php?rest_route=%2Fwp%2Fv2%2Fproduct_cat&post=789"},{"taxonomy":"product_tag","embeddable":true,"href":"https:\/\/online.dmgroup.com.ar\/index.php?rest_route=%2Fwp%2Fv2%2Fproduct_tag&post=789"}],"curies":[{"name":"wp","href":"https:\/\/api.w.org\/{rel}","templated":true}]}}