{"id":80,"date":"2024-12-09T10:34:48","date_gmt":"2024-12-09T13:34:48","guid":{"rendered":"https:\/\/online.dmgroup.com.ar\/product\/afeitadora-oneblade-facebody-qp2620-20-philips\/"},"modified":"2026-02-05T11:11:40","modified_gmt":"2026-02-05T14:11:40","slug":"afeitadora-oneblade-facebody-qp2620-20-philips","status":"publish","type":"product","link":"https:\/\/online.dmgroup.com.ar\/?product=afeitadora-oneblade-facebody-qp2620-20-philips","title":{"rendered":"AFEITADORA ONEBLADE FACE+BODY QP2620\/20 PHILIPS"},"content":{"rendered":"<p>Excelente recorte y afeitada Sistema de afeitado Tecnolog\u00eda de seguimiento de contornos Sistema de protecci\u00f3n dual Sistema de recorte Tecnolog\u00eda de seguimiento de contornos 3 peines recortadores para barba (1, 3, 5 mm) Cubierta para la piel removible Peine recortador para el cuerpo removible Cuchilla de recambio adicional  F\u00e1cil de usar Recargable Pantalla Indicador de carga en el adaptador Uso en seco y h\u00famedo Verde lima, gris marengo Mango Empu\u00f1adura de goma estriada Tiempo de funcionamiento 45 minutos Carga completa de 8 horas Tipo de bater\u00eda Ni-MH Voltaje autom\u00e1tico 100-240 V M\u00e1ximo consumo de energ\u00eda 2  W Cabezal de repuesto <\/p>\n","protected":false},"excerpt":{"rendered":"<p>AFEITADORA ONEBLADE FACE+BODY QP2620-20 PHILIPS<\/p>\n","protected":false},"featured_media":79,"template":"","meta":{"_acf_changed":false},"product_brand":[],"product_cat":[52],"product_tag":[],"class_list":{"0":"post-80","1":"product","2":"type-product","3":"status-publish","4":"has-post-thumbnail","6":"product_cat-salud-belleza-fitness","8":"first","9":"instock","10":"shipping-taxable","11":"product-type-simple"},"acf":[],"_links":{"self":[{"href":"https:\/\/online.dmgroup.com.ar\/index.php?rest_route=\/wp\/v2\/product\/80","targetHints":{"allow":["GET"]}}],"collection":[{"href":"https:\/\/online.dmgroup.com.ar\/index.php?rest_route=\/wp\/v2\/product"}],"about":[{"href":"https:\/\/online.dmgroup.com.ar\/index.php?rest_route=\/wp\/v2\/types\/product"}],"version-history":[{"count":0,"href":"https:\/\/online.dmgroup.com.ar\/index.php?rest_route=\/wp\/v2\/product\/80\/revisions"}],"wp:featuredmedia":[{"embeddable":true,"href":"https:\/\/online.dmgroup.com.ar\/index.php?rest_route=\/wp\/v2\/media\/79"}],"wp:attachment":[{"href":"https:\/\/online.dmgroup.com.ar\/index.php?rest_route=%2Fwp%2Fv2%2Fmedia&parent=80"}],"wp:term":[{"taxonomy":"product_brand","embeddable":true,"href":"https:\/\/online.dmgroup.com.ar\/index.php?rest_route=%2Fwp%2Fv2%2Fproduct_brand&post=80"},{"taxonomy":"product_cat","embeddable":true,"href":"https:\/\/online.dmgroup.com.ar\/index.php?rest_route=%2Fwp%2Fv2%2Fproduct_cat&post=80"},{"taxonomy":"product_tag","embeddable":true,"href":"https:\/\/online.dmgroup.com.ar\/index.php?rest_route=%2Fwp%2Fv2%2Fproduct_tag&post=80"}],"curies":[{"name":"wp","href":"https:\/\/api.w.org\/{rel}","templated":true}]}}