{"id":807,"date":"2025-04-08T00:50:57","date_gmt":"2025-04-08T03:50:57","guid":{"rendered":"https:\/\/online.dmgroup.com.ar\/product\/balanza-digital-personal-bal005-dakota\/"},"modified":"2026-02-05T11:21:46","modified_gmt":"2026-02-05T14:21:46","slug":"balanza-digital-personal-bal005-dakota","status":"publish","type":"product","link":"https:\/\/online.dmgroup.com.ar\/?product=balanza-digital-personal-bal005-dakota","title":{"rendered":"BALANZA DIGITAL PERSONAL BAL005 DAKOTA"},"content":{"rendered":"<p>BAL005-180KG-BT-APP Especificaciones:  Pantalla de alta definici\u00f3n  Tama\u00f1o del producto: 300x300x22 mm  Tama\u00f1o de la pantalla LCD: 76&#215;40 mm Capacidad: 5-180 kg  Alimentaci\u00f3n: 3 bater\u00edas AAA (No incluidas) 12 Par\u00e1metros a medir: Peso; IMC; Grasa corporal; Musculo; Agua; Grasa visceral; Masa \u00f3sea; Metabolismo; Prote\u00edna; Grado de obesidad; Edad corporal; Peso sin grasa<\/p>\n","protected":false},"excerpt":{"rendered":"<p>BALANZA DIGITAL PERSONAL BAL005 DAKOTA<\/p>\n","protected":false},"featured_media":806,"template":"","meta":{"_acf_changed":false},"product_brand":[],"product_cat":[52],"product_tag":[],"class_list":{"0":"post-807","1":"product","2":"type-product","3":"status-publish","4":"has-post-thumbnail","6":"product_cat-salud-belleza-fitness","8":"first","9":"instock","10":"shipping-taxable","11":"product-type-simple"},"acf":[],"_links":{"self":[{"href":"https:\/\/online.dmgroup.com.ar\/index.php?rest_route=\/wp\/v2\/product\/807","targetHints":{"allow":["GET"]}}],"collection":[{"href":"https:\/\/online.dmgroup.com.ar\/index.php?rest_route=\/wp\/v2\/product"}],"about":[{"href":"https:\/\/online.dmgroup.com.ar\/index.php?rest_route=\/wp\/v2\/types\/product"}],"version-history":[{"count":0,"href":"https:\/\/online.dmgroup.com.ar\/index.php?rest_route=\/wp\/v2\/product\/807\/revisions"}],"wp:featuredmedia":[{"embeddable":true,"href":"https:\/\/online.dmgroup.com.ar\/index.php?rest_route=\/wp\/v2\/media\/806"}],"wp:attachment":[{"href":"https:\/\/online.dmgroup.com.ar\/index.php?rest_route=%2Fwp%2Fv2%2Fmedia&parent=807"}],"wp:term":[{"taxonomy":"product_brand","embeddable":true,"href":"https:\/\/online.dmgroup.com.ar\/index.php?rest_route=%2Fwp%2Fv2%2Fproduct_brand&post=807"},{"taxonomy":"product_cat","embeddable":true,"href":"https:\/\/online.dmgroup.com.ar\/index.php?rest_route=%2Fwp%2Fv2%2Fproduct_cat&post=807"},{"taxonomy":"product_tag","embeddable":true,"href":"https:\/\/online.dmgroup.com.ar\/index.php?rest_route=%2Fwp%2Fv2%2Fproduct_tag&post=807"}],"curies":[{"name":"wp","href":"https:\/\/api.w.org\/{rel}","templated":true}]}}