{"id":815,"date":"2025-04-08T00:51:12","date_gmt":"2025-04-08T03:51:12","guid":{"rendered":"https:\/\/online.dmgroup.com.ar\/product\/balanza-digital-report-lt-visor-bajo-usb-kretz\/"},"modified":"2026-02-05T11:21:57","modified_gmt":"2026-02-05T14:21:57","slug":"balanza-digital-report-lt-visor-bajo-usb-kretz","status":"publish","type":"product","link":"https:\/\/online.dmgroup.com.ar\/?product=balanza-digital-report-lt-visor-bajo-usb-kretz","title":{"rendered":"BALANZA DIGITAL REPORT LT VISOR BAJO USB KRETZ"},"content":{"rendered":"<p>CAPACIDAD Multirango (0 a 15 kg x 5 g) y (15 a 30 kg x 10 g) Multirango (0 a 6 kg x 2 g) y (6 a 15 kg x 5 g) CARACTER\u00cdSTICAS Nuestra balanza para supermercados Report LT viene preparada con muchas funcionalidades: Manejo de precio alternativo y precio por rangos. Conectividad por USB o por Bluetooth Hasta 108 teclas de acceso directo. Impresi\u00f3n de tickets y etiquetas autoadhesivas con tu logo personalizado. Funci\u00f3n Pre-empaque. Totalizador de pre empaque Gran capacidad de almacenamiento (hasta 5000 plus). Conexi\u00f3n con iTegra en la PC.<\/p>\n","protected":false},"excerpt":{"rendered":"<p>BALANZA DIGITAL REPORT LT VISOR BAJO USB KRETZ<\/p>\n","protected":false},"featured_media":814,"template":"","meta":{"_acf_changed":false},"product_brand":[],"product_cat":[32],"product_tag":[],"class_list":{"0":"post-815","1":"product","2":"type-product","3":"status-publish","4":"has-post-thumbnail","6":"product_cat-balanzas-impresores","8":"first","9":"instock","10":"shipping-taxable","11":"product-type-simple"},"acf":[],"_links":{"self":[{"href":"https:\/\/online.dmgroup.com.ar\/index.php?rest_route=\/wp\/v2\/product\/815","targetHints":{"allow":["GET"]}}],"collection":[{"href":"https:\/\/online.dmgroup.com.ar\/index.php?rest_route=\/wp\/v2\/product"}],"about":[{"href":"https:\/\/online.dmgroup.com.ar\/index.php?rest_route=\/wp\/v2\/types\/product"}],"version-history":[{"count":0,"href":"https:\/\/online.dmgroup.com.ar\/index.php?rest_route=\/wp\/v2\/product\/815\/revisions"}],"wp:featuredmedia":[{"embeddable":true,"href":"https:\/\/online.dmgroup.com.ar\/index.php?rest_route=\/wp\/v2\/media\/814"}],"wp:attachment":[{"href":"https:\/\/online.dmgroup.com.ar\/index.php?rest_route=%2Fwp%2Fv2%2Fmedia&parent=815"}],"wp:term":[{"taxonomy":"product_brand","embeddable":true,"href":"https:\/\/online.dmgroup.com.ar\/index.php?rest_route=%2Fwp%2Fv2%2Fproduct_brand&post=815"},{"taxonomy":"product_cat","embeddable":true,"href":"https:\/\/online.dmgroup.com.ar\/index.php?rest_route=%2Fwp%2Fv2%2Fproduct_cat&post=815"},{"taxonomy":"product_tag","embeddable":true,"href":"https:\/\/online.dmgroup.com.ar\/index.php?rest_route=%2Fwp%2Fv2%2Fproduct_tag&post=815"}],"curies":[{"name":"wp","href":"https:\/\/api.w.org\/{rel}","templated":true}]}}