{"id":817,"date":"2025-04-08T00:51:15","date_gmt":"2025-04-08T03:51:15","guid":{"rendered":"https:\/\/online.dmgroup.com.ar\/product\/balanza-digital-report-nx-de-colgar-kretz\/"},"modified":"2026-02-05T11:22:00","modified_gmt":"2026-02-05T14:22:00","slug":"balanza-digital-report-nx-de-colgar-kretz","status":"publish","type":"product","link":"https:\/\/online.dmgroup.com.ar\/?product=balanza-digital-report-nx-de-colgar-kretz","title":{"rendered":"BALANZA DIGITAL REPORT NX DE COLGAR KRETZ"},"content":{"rendered":"<p>BALANZA REPORT DE COLGAR Ideal para ventas de mayoreo y control de procesos. Totalmente construido en acero inoxidable. Conexi\u00f3n a plataformas desde 60 Kg a 2 Toneladas Trabaja en ambientes h\u00famedos Compatibilidad con iTegra software de gesti\u00f3n 10.000 productos, 36 vendedores, Tabla nutricional y recetas 150 Km de impresi\u00f3n Correa dentada para impresor Disponible versi\u00f3n Ethernet y Wifi Capacidades 30 kg x 10g Impresor t\u00e9rmico de etiquetas y tickets. Comunicaci\u00f3n TCP-IP Funcionalidades Online Imprime c\u00f3digos lineales y QR http:&#8211;www.kretz.com.ar-contenidos-2022-09-21-Editorial_3076.php<\/p>\n","protected":false},"excerpt":{"rendered":"<p>BALANZA DIGITAL REPORT NX DE COLGAR KRETZ<\/p>\n","protected":false},"featured_media":816,"template":"","meta":{"_acf_changed":false},"product_brand":[],"product_cat":[32],"product_tag":[],"class_list":{"0":"post-817","1":"product","2":"type-product","3":"status-publish","4":"has-post-thumbnail","6":"product_cat-balanzas-impresores","8":"first","9":"instock","10":"shipping-taxable","11":"product-type-simple"},"acf":[],"_links":{"self":[{"href":"https:\/\/online.dmgroup.com.ar\/index.php?rest_route=\/wp\/v2\/product\/817","targetHints":{"allow":["GET"]}}],"collection":[{"href":"https:\/\/online.dmgroup.com.ar\/index.php?rest_route=\/wp\/v2\/product"}],"about":[{"href":"https:\/\/online.dmgroup.com.ar\/index.php?rest_route=\/wp\/v2\/types\/product"}],"version-history":[{"count":0,"href":"https:\/\/online.dmgroup.com.ar\/index.php?rest_route=\/wp\/v2\/product\/817\/revisions"}],"wp:featuredmedia":[{"embeddable":true,"href":"https:\/\/online.dmgroup.com.ar\/index.php?rest_route=\/wp\/v2\/media\/816"}],"wp:attachment":[{"href":"https:\/\/online.dmgroup.com.ar\/index.php?rest_route=%2Fwp%2Fv2%2Fmedia&parent=817"}],"wp:term":[{"taxonomy":"product_brand","embeddable":true,"href":"https:\/\/online.dmgroup.com.ar\/index.php?rest_route=%2Fwp%2Fv2%2Fproduct_brand&post=817"},{"taxonomy":"product_cat","embeddable":true,"href":"https:\/\/online.dmgroup.com.ar\/index.php?rest_route=%2Fwp%2Fv2%2Fproduct_cat&post=817"},{"taxonomy":"product_tag","embeddable":true,"href":"https:\/\/online.dmgroup.com.ar\/index.php?rest_route=%2Fwp%2Fv2%2Fproduct_tag&post=817"}],"curies":[{"name":"wp","href":"https:\/\/api.w.org\/{rel}","templated":true}]}}