{"id":819,"date":"2025-04-08T00:51:18","date_gmt":"2025-04-08T03:51:18","guid":{"rendered":"https:\/\/online.dmgroup.com.ar\/product\/balanza-digital-report-nx-visor-alto-wifi-kretz\/"},"modified":"2026-02-05T11:22:02","modified_gmt":"2026-02-05T14:22:02","slug":"balanza-digital-report-nx-visor-alto-wifi-kretz","status":"publish","type":"product","link":"https:\/\/online.dmgroup.com.ar\/?product=balanza-digital-report-nx-visor-alto-wifi-kretz","title":{"rendered":"BALANZA DIGITAL REPORT NX VISOR ALTO WIFI KRETZ"},"content":{"rendered":"<p>CAPACIDAD Multirango (0 a 15 kg x 5 g) y (15 a 30 kg x 10 g)  CARACTER\u00cdSTICAS Nuestra balanza para supermercados Report NX viene preparada para atender todas las exigencias de cualquier negocio. Suma todas las funcionalidades de la Report LT y tambi\u00e9n agrega: Comunicaci\u00f3n Ethernet TCP-IP (Opcional WiFi) Permite la gesti\u00f3n remota de los equipos en red con iTegra para versi\u00f3n Ethernet-WiFi o iTegra Mobile para versi\u00f3n bluetooth. Funci\u00f3n de Vendedores Flotantes. PLU y Ticket On Line Conexi\u00f3n con bases de datos a trav\u00e9s del software iTegra http:&#8211;www.kretz.com.ar-contenidos-2018-12-14-Editorial_2977.php<\/p>\n","protected":false},"excerpt":{"rendered":"<p>BALANZA DIGITAL REPORT NX VISOR ALTO WIFI KRETZ<\/p>\n","protected":false},"featured_media":818,"template":"","meta":{"_acf_changed":false},"product_brand":[],"product_cat":[32],"product_tag":[],"class_list":{"0":"post-819","1":"product","2":"type-product","3":"status-publish","4":"has-post-thumbnail","6":"product_cat-balanzas-impresores","8":"first","9":"instock","10":"shipping-taxable","11":"product-type-simple"},"acf":[],"_links":{"self":[{"href":"https:\/\/online.dmgroup.com.ar\/index.php?rest_route=\/wp\/v2\/product\/819","targetHints":{"allow":["GET"]}}],"collection":[{"href":"https:\/\/online.dmgroup.com.ar\/index.php?rest_route=\/wp\/v2\/product"}],"about":[{"href":"https:\/\/online.dmgroup.com.ar\/index.php?rest_route=\/wp\/v2\/types\/product"}],"version-history":[{"count":0,"href":"https:\/\/online.dmgroup.com.ar\/index.php?rest_route=\/wp\/v2\/product\/819\/revisions"}],"wp:featuredmedia":[{"embeddable":true,"href":"https:\/\/online.dmgroup.com.ar\/index.php?rest_route=\/wp\/v2\/media\/818"}],"wp:attachment":[{"href":"https:\/\/online.dmgroup.com.ar\/index.php?rest_route=%2Fwp%2Fv2%2Fmedia&parent=819"}],"wp:term":[{"taxonomy":"product_brand","embeddable":true,"href":"https:\/\/online.dmgroup.com.ar\/index.php?rest_route=%2Fwp%2Fv2%2Fproduct_brand&post=819"},{"taxonomy":"product_cat","embeddable":true,"href":"https:\/\/online.dmgroup.com.ar\/index.php?rest_route=%2Fwp%2Fv2%2Fproduct_cat&post=819"},{"taxonomy":"product_tag","embeddable":true,"href":"https:\/\/online.dmgroup.com.ar\/index.php?rest_route=%2Fwp%2Fv2%2Fproduct_tag&post=819"}],"curies":[{"name":"wp","href":"https:\/\/api.w.org\/{rel}","templated":true}]}}