{"id":82,"date":"2024-12-09T10:34:56","date_gmt":"2024-12-09T13:34:56","guid":{"rendered":"https:\/\/online.dmgroup.com.ar\/product\/afeitadora-razor-5d-kit-8000832-blaupunkt\/"},"modified":"2026-02-05T11:11:42","modified_gmt":"2026-02-05T14:11:42","slug":"afeitadora-razor-5d-kit-8000832-blaupunkt","status":"publish","type":"product","link":"https:\/\/online.dmgroup.com.ar\/?product=afeitadora-razor-5d-kit-8000832-blaupunkt","title":{"rendered":"AFEITADORA RAZOR 5D KIT 8000832 BLAUPUNKT"},"content":{"rendered":"<p>CORTAPELOS INAL\u00c1MBRICO &#8211; F\u00e1cil de limpiar &#8211; Carga r\u00e1pida &#8211; Dise\u00f1o lavable &#8211; Dise\u00f1o ergon\u00f3mico &#8211; 4 en 1 multifunci\u00f3n<\/p>\n","protected":false},"excerpt":{"rendered":"<p>AFEITADORA RAZOR 5D KIT 8000832 BLAUPUNKT<\/p>\n","protected":false},"featured_media":81,"template":"","meta":{"_acf_changed":false},"product_brand":[],"product_cat":[52],"product_tag":[],"class_list":{"0":"post-82","1":"product","2":"type-product","3":"status-publish","4":"has-post-thumbnail","6":"product_cat-salud-belleza-fitness","8":"first","9":"instock","10":"shipping-taxable","11":"product-type-simple"},"acf":[],"_links":{"self":[{"href":"https:\/\/online.dmgroup.com.ar\/index.php?rest_route=\/wp\/v2\/product\/82","targetHints":{"allow":["GET"]}}],"collection":[{"href":"https:\/\/online.dmgroup.com.ar\/index.php?rest_route=\/wp\/v2\/product"}],"about":[{"href":"https:\/\/online.dmgroup.com.ar\/index.php?rest_route=\/wp\/v2\/types\/product"}],"version-history":[{"count":0,"href":"https:\/\/online.dmgroup.com.ar\/index.php?rest_route=\/wp\/v2\/product\/82\/revisions"}],"wp:featuredmedia":[{"embeddable":true,"href":"https:\/\/online.dmgroup.com.ar\/index.php?rest_route=\/wp\/v2\/media\/81"}],"wp:attachment":[{"href":"https:\/\/online.dmgroup.com.ar\/index.php?rest_route=%2Fwp%2Fv2%2Fmedia&parent=82"}],"wp:term":[{"taxonomy":"product_brand","embeddable":true,"href":"https:\/\/online.dmgroup.com.ar\/index.php?rest_route=%2Fwp%2Fv2%2Fproduct_brand&post=82"},{"taxonomy":"product_cat","embeddable":true,"href":"https:\/\/online.dmgroup.com.ar\/index.php?rest_route=%2Fwp%2Fv2%2Fproduct_cat&post=82"},{"taxonomy":"product_tag","embeddable":true,"href":"https:\/\/online.dmgroup.com.ar\/index.php?rest_route=%2Fwp%2Fv2%2Fproduct_tag&post=82"}],"curies":[{"name":"wp","href":"https:\/\/api.w.org\/{rel}","templated":true}]}}