{"id":90,"date":"2024-12-09T10:35:15","date_gmt":"2024-12-09T13:35:15","guid":{"rendered":"https:\/\/online.dmgroup.com.ar\/product\/aire-acondicionado-f-c-3500w-inverter-entrdi35tc-electra\/"},"modified":"2026-02-05T11:11:52","modified_gmt":"2026-02-05T14:11:52","slug":"aire-acondicionado-f-c-3500w-inverter-entrdi35tc-electra","status":"publish","type":"product","link":"https:\/\/online.dmgroup.com.ar\/?product=aire-acondicionado-f-c-3500w-inverter-entrdi35tc-electra","title":{"rendered":"AIRE ACONDICIONADO F\/C 3500W INVERTER ENTRDI35TC ELECTRA"},"content":{"rendered":"<p>Aire acondicionado Electra Inverter F-C 3010 Frigor\u00edas ETRDI35TC PESO 40 kg DIMENSIONES 30 \u00d7 82 \u00d7 76 cm COLOR Blanco CAPACIDAD DE CALENTAMIENTO 3500w CAPACIDAD DE ENFRIAMIENTO 3500W FRIGORIAS 3010 CONTROL REMOTO Incluido TEMPORIZADOR  EFICIENCIA ENERGETICA  A+ DIMENSIONES NETAS (UNIDAD EXTERNA) 70 Largo \u00d7 25,6 Ancho \u00d7 55,2 Alto PESO NETO (UNIDAD EXTERIOR) 27 kg PESO NETO (UNIDAD INTERIOR)  8 kg DIMENSIONES NETAS (UNIDAD INTERNA) 81,1 Largo \u00d7 29,2 Ancho \u00d7 20,5 Alto https:&#8211;electrastore.com.ar-productos-aires-acondicionados-residencial-electra-aire-acondicionado-electra-inverter-fc-3010-etrdi35tc-<\/p>\n","protected":false},"excerpt":{"rendered":"<p>AIRE ACONDICIONADO F-C 3500W INVERTER ENTRDI35TC ELECTRA<\/p>\n","protected":false},"featured_media":89,"template":"","meta":{"_acf_changed":false},"product_brand":[],"product_cat":[37],"product_tag":[],"class_list":{"0":"post-90","1":"product","2":"type-product","3":"status-publish","4":"has-post-thumbnail","6":"product_cat-climatizacion","8":"first","9":"instock","10":"shipping-taxable","11":"product-type-simple"},"acf":[],"_links":{"self":[{"href":"https:\/\/online.dmgroup.com.ar\/index.php?rest_route=\/wp\/v2\/product\/90","targetHints":{"allow":["GET"]}}],"collection":[{"href":"https:\/\/online.dmgroup.com.ar\/index.php?rest_route=\/wp\/v2\/product"}],"about":[{"href":"https:\/\/online.dmgroup.com.ar\/index.php?rest_route=\/wp\/v2\/types\/product"}],"version-history":[{"count":0,"href":"https:\/\/online.dmgroup.com.ar\/index.php?rest_route=\/wp\/v2\/product\/90\/revisions"}],"wp:featuredmedia":[{"embeddable":true,"href":"https:\/\/online.dmgroup.com.ar\/index.php?rest_route=\/wp\/v2\/media\/89"}],"wp:attachment":[{"href":"https:\/\/online.dmgroup.com.ar\/index.php?rest_route=%2Fwp%2Fv2%2Fmedia&parent=90"}],"wp:term":[{"taxonomy":"product_brand","embeddable":true,"href":"https:\/\/online.dmgroup.com.ar\/index.php?rest_route=%2Fwp%2Fv2%2Fproduct_brand&post=90"},{"taxonomy":"product_cat","embeddable":true,"href":"https:\/\/online.dmgroup.com.ar\/index.php?rest_route=%2Fwp%2Fv2%2Fproduct_cat&post=90"},{"taxonomy":"product_tag","embeddable":true,"href":"https:\/\/online.dmgroup.com.ar\/index.php?rest_route=%2Fwp%2Fv2%2Fproduct_tag&post=90"}],"curies":[{"name":"wp","href":"https:\/\/api.w.org\/{rel}","templated":true}]}}